{"id":20,"date":"2026-03-12T19:24:51","date_gmt":"2026-03-12T18:24:51","guid":{"rendered":"https:\/\/www.druck-und-stick.at\/rideyourlife\/impressum\/"},"modified":"2026-04-16T09:12:40","modified_gmt":"2026-04-16T07:12:40","slug":"impressum","status":"publish","type":"page","link":"https:\/\/www.druck-und-stick.at\/rideyourlife\/impressum\/","title":{"rendered":"Impressum"},"content":{"rendered":"\n<p><strong>Business ImPulse GmbH<\/strong><br>Zillingberg 9<br>5300 Hallwang<\/p>\n\n\n\n<p><strong>Mobiltelefon:<\/strong>\u00a0<a>+43 664 4133883<\/a><\/p>\n\n\n\n<p><strong>Mail:&nbsp;<\/strong><a href=\"mailto:office@business-impulse.at\">office@business-impulse.at<\/a><br><strong>Mail:<\/strong>&nbsp;<a href=\"mailto:rust@reitlehrer.at\">rust@reitlehrer.at<\/a><\/p>\n\n\n\n<p><a href=\"mailto:rust@reitlehrer.at\">\u200b<\/a><\/p>\n\n\n\n<p><strong>Rechtsform: <\/strong>GmbH<br><strong>Gesch\u00e4ftsf\u00fchrer:<\/strong> Wolfgang Rust<br><strong>Inhaber:&nbsp;<\/strong>Wolfgang Rust<br><strong>Unternehmensgr\u00fcndung: <\/strong>16.09.2013<br><strong>Gewerbe: <\/strong>Unternehmensberatung<\/p>\n\n\n\n<p><strong>UID-Nummer:<\/strong>&nbsp;ATU68151616<\/p>\n\n\n\n<p><strong>Firmenbuchnummer:&nbsp;<\/strong>FN403209 f<br><strong>Firmenbuchgericht:<\/strong>&nbsp;Landesgericht Eisenstadt<\/p>\n\n\n\n<p><strong>Kammer\/Berufsverband:&nbsp;<\/strong>Unternehmensberatung<\/p>\n\n\n\n<p><strong>Aufsichtsbeh\u00f6rde:<\/strong>&nbsp;Bezirkshauptmannschaft Oberpullendorf<\/p>\n\n\n\n<h2 class=\"wp-block-heading\">Allgemeine Nutzungsbedingungen<\/h2>\n\n\n\n<h3 class=\"wp-block-heading\">1. Haftungsausschluss<\/h3>\n\n\n\n<p>Obwohl die Seiten mit gr\u00f6\u00dfter Sorgfalt erstellt wurden, kann keine Gew\u00e4hr f\u00fcr die Richtigkeit, Vollst\u00e4ndigkeit und Aktualit\u00e4t der bereitgestellten Informationen \u00fcbernommen werden. Der Betreiber der Website bem\u00fcht sich darum, Fehler oder Irrt\u00fcmer zu berichtigen, wenn er Kenntnis davon erh\u00e4lt \u2013 danke f\u00fcr diesbez\u00fcgliche Hinweise. Es wird auch keine Gew\u00e4hr f\u00fcr die Verf\u00fcgbarkeit oder den Betrieb der gegenst\u00e4ndlichen Website und ihrer Inhalte \u00fcbernommen. Jede Haftung f\u00fcr unmittelbare, mittelbare oder sonstige Sch\u00e4den, unabh\u00e4ngig von deren Ursachen, die aus der Benutzung oder Nichtverf\u00fcgbarkeit der Website sowie der bereitgestellten Informationen auf dieser Website erwachsen, wird \u2013 soweit rechtlich zul\u00e4ssig \u2013 ausgeschlossen.<\/p>\n\n\n\n<h3 class=\"wp-block-heading\">2. Copyright<\/h3>\n\n\n\n<p>Der Inhalt dieser Website ist urheberrechtlich gesch\u00fctzt. Die Informationen sind nur f\u00fcr die pers\u00f6nliche Verwendung bestimmt. Jede weitergehende Nutzung, insbesondere die Speicherung in Datenbanken, Vervielf\u00e4ltigung und jede Form von gewerblicher Nutzung sowie die Weitergabe an Dritte \u2013 auch in Teilen oder in \u00fcberarbeiteter Form, insbesondere von Fotos, Abbildungen und Texten \u2013 ohne Zustimmung des Betreibers der Website ist untersagt.<\/p>\n\n\n\n<h3 class=\"wp-block-heading\">3. Haftung f\u00fcr Links<\/h3>\n\n\n\n<p>Diese Website kann Links zu externen Websites enthalten, jedoch hat der Betreiber der Website keinen Einfluss auf diese Zielseiten. Deshalb wird f\u00fcr diese fremden Inhalte auch keine Gew\u00e4hr \u00fcbernommen, daf\u00fcr ist stets der jeweilige Anbieter der Seiten verantwortlich. Wir sind nicht bereit und nicht verpflichtet an einem Streitbeilegungsverfahren vor einer Verbraucherschlichtungsstelle teilzunehmen.<\/p>\n","protected":false},"excerpt":{"rendered":"<p>Business ImPulse GmbHZillingberg 95300 Hallwang Mobiltelefon:\u00a0+43 664 4133883 Mail:&nbsp;office@business-impulse.atMail:&nbsp;rust@reitlehrer.at \u200b Rechtsform: GmbHGesch\u00e4ftsf\u00fchrer: Wolfgang RustInhaber:&nbsp;Wolfgang RustUnternehmensgr\u00fcndung: 16.09.2013Gewerbe: Unternehmensberatung UID-Nummer:&nbsp;ATU68151616 Firmenbuchnummer:&nbsp;FN403209 fFirmenbuchgericht:&nbsp;Landesgericht [&hellip;]<\/p>\n","protected":false},"author":1,"featured_media":0,"parent":0,"menu_order":0,"comment_status":"closed","ping_status":"closed","template":"","meta":{"_uag_custom_page_level_css":"","site-sidebar-layout":"default","site-content-layout":"","ast-site-content-layout":"default","site-content-style":"default","site-sidebar-style":"default","ast-global-header-display":"","ast-banner-title-visibility":"","ast-main-header-display":"","ast-hfb-above-header-display":"","ast-hfb-below-header-display":"","ast-hfb-mobile-header-display":"","site-post-title":"","ast-breadcrumbs-content":"","ast-featured-img":"","footer-sml-layout":"","ast-disable-related-posts":"","theme-transparent-header-meta":"","adv-header-id-meta":"","stick-header-meta":"","header-above-stick-meta":"","header-main-stick-meta":"","header-below-stick-meta":"","astra-migrate-meta-layouts":"default","ast-page-background-enabled":"default","ast-page-background-meta":{"desktop":{"background-color":"var(--ast-global-color-5)","background-image":"","background-repeat":"repeat","background-position":"center center","background-size":"auto","background-attachment":"scroll","background-type":"","background-media":"","overlay-type":"","overlay-color":"","overlay-opacity":"","overlay-gradient":""},"tablet":{"background-color":"","background-image":"","background-repeat":"repeat","background-position":"center center","background-size":"auto","background-attachment":"scroll","background-type":"","background-media":"","overlay-type":"","overlay-color":"","overlay-opacity":"","overlay-gradient":""},"mobile":{"background-color":"","background-image":"","background-repeat":"repeat","background-position":"center center","background-size":"auto","background-attachment":"scroll","background-type":"","background-media":"","overlay-type":"","overlay-color":"","overlay-opacity":"","overlay-gradient":""}},"ast-content-background-meta":{"desktop":{"background-color":"var(--ast-global-color-4)","background-image":"","background-repeat":"repeat","background-position":"center center","background-size":"auto","background-attachment":"scroll","background-type":"","background-media":"","overlay-type":"","overlay-color":"","overlay-opacity":"","overlay-gradient":""},"tablet":{"background-color":"var(--ast-global-color-4)","background-image":"","background-repeat":"repeat","background-position":"center center","background-size":"auto","background-attachment":"scroll","background-type":"","background-media":"","overlay-type":"","overlay-color":"","overlay-opacity":"","overlay-gradient":""},"mobile":{"background-color":"var(--ast-global-color-4)","background-image":"","background-repeat":"repeat","background-position":"center center","background-size":"auto","background-attachment":"scroll","background-type":"","background-media":"","overlay-type":"","overlay-color":"","overlay-opacity":"","overlay-gradient":""}},"footnotes":""},"class_list":["post-20","page","type-page","status-publish","hentry"],"uagb_featured_image_src":{"full":false,"thumbnail":false,"medium":false,"medium_large":false,"large":false,"1536x1536":false,"2048x2048":false,"woocommerce_thumbnail":false,"woocommerce_single":false,"woocommerce_gallery_thumbnail":false},"uagb_author_info":{"display_name":"design M.W GmbH","author_link":"https:\/\/www.druck-und-stick.at\/rideyourlife\/author\/design-m-w-gmbh\/"},"uagb_comment_info":0,"uagb_excerpt":"Business ImPulse GmbHZillingberg 95300 Hallwang Mobiltelefon:\u00a0+43 664 4133883 Mail:&nbsp;office@business-impulse.atMail:&nbsp;rust@reitlehrer.at \u200b Rechtsform: GmbHGesch\u00e4ftsf\u00fchrer: Wolfgang RustInhaber:&nbsp;Wolfgang RustUnternehmensgr\u00fcndung: 16.09.2013Gewerbe: Unternehmensberatung UID-Nummer:&nbsp;ATU68151616 Firmenbuchnummer:&nbsp;FN403209 fFirmenbuchgericht:&nbsp;Landesgericht [&hellip;]","_links":{"self":[{"href":"https:\/\/www.druck-und-stick.at\/rideyourlife\/wp-json\/wp\/v2\/pages\/20","targetHints":{"allow":["GET"]}}],"collection":[{"href":"https:\/\/www.druck-und-stick.at\/rideyourlife\/wp-json\/wp\/v2\/pages"}],"about":[{"href":"https:\/\/www.druck-und-stick.at\/rideyourlife\/wp-json\/wp\/v2\/types\/page"}],"author":[{"embeddable":true,"href":"https:\/\/www.druck-und-stick.at\/rideyourlife\/wp-json\/wp\/v2\/users\/1"}],"replies":[{"embeddable":true,"href":"https:\/\/www.druck-und-stick.at\/rideyourlife\/wp-json\/wp\/v2\/comments?post=20"}],"version-history":[{"count":5,"href":"https:\/\/www.druck-und-stick.at\/rideyourlife\/wp-json\/wp\/v2\/pages\/20\/revisions"}],"predecessor-version":[{"id":442,"href":"https:\/\/www.druck-und-stick.at\/rideyourlife\/wp-json\/wp\/v2\/pages\/20\/revisions\/442"}],"wp:attachment":[{"href":"https:\/\/www.druck-und-stick.at\/rideyourlife\/wp-json\/wp\/v2\/media?parent=20"}],"curies":[{"name":"wp","href":"https:\/\/api.w.org\/{rel}","templated":true}]}}