{"id":22,"date":"2026-03-12T19:24:51","date_gmt":"2026-03-12T18:24:51","guid":{"rendered":"https:\/\/www.druck-und-stick.at\/rideyourlife\/widerruf\/"},"modified":"2026-04-16T09:08:43","modified_gmt":"2026-04-16T07:08:43","slug":"widerruf","status":"publish","type":"page","link":"https:\/\/www.druck-und-stick.at\/rideyourlife\/widerruf\/","title":{"rendered":"Widerruf"},"content":{"rendered":"<p><strong>Widerrufsbelehrung f\u00fcr Verbraucher f\u00fcr einen Vertrag, bei dem die Waren in einer einheitlichen Lieferung geliefert werden<\/strong><\/p>\n<p><em>Widerrufsbelehrung<\/em><br \/>\nVerbraucher ist jede nat\u00fcrliche Person, die ein Rechtsgesch\u00e4ft zu Zwecken abschlie\u00dft, die \u00fcberwiegend weder ihrer gewerblichen noch ihrer selbst\u00e4ndigen beruflichen T\u00e4tigkeit zugerechnet werden k\u00f6nnen.<\/p>\n<p><em>Widerrufsrecht<\/em><br \/>\nDu hast das Recht, binnen vierzehn Tagen ohne Angabe von Gr\u00fcnden diesen Vertrag zu widerrufen. Die Widerrufsfrist betr\u00e4gt zehn Tage ab dem Tag, an dem Du oder ein von Dir benannter Dritter, der nicht der Bef\u00f6rderer ist, die Waren in Besitz genommen haben bzw. hat. Um Dein Widerrufsrecht auszu\u00fcben, musst Du uns mittels einer eindeutigen Erkl\u00e4rung (z.B. ein mit der Post versandter Brief, oder eine E-Mail) \u00fcber Deinen Entschluss, diesen Vertrag zu widerrufen, informieren. Du kannst daf\u00fcr das beigef\u00fcgte Muster-Widerrufsformular verwenden, das jedoch nicht vorgeschrieben ist. Zur Wahrung der Widerrufsfrist reicht es aus, dass Du die Mitteilung \u00fcber die Aus\u00fcbung des Widerrufsrechts vor Ablauf der Widerrufsfrist absendest.<\/p>\n<p><em>Folgen des Widerrufs<\/em><br \/>\nWenn Du diesen Vertrag widerrufst, haben wir Dir alle Zahlungen, die wir von Ihnen erhalten haben, einschlie\u00dflich der Lieferkosten (mit Ausnahme der zus\u00e4tzlichen Kosten, die sich daraus ergeben, dass Du eine andere Art der Lieferung als die von uns angebotene, g\u00fcnstigste Standardlieferung gew\u00e4hlt haben), unverz\u00fcglich und sp\u00e4testens binnen vierzehn Tagen ab dem Tag zur\u00fcckzuzahlen, an dem die Mitteilung \u00fcber Deinen Widerruf dieses Vertrags bei uns eingegangen ist. F\u00fcr diese R\u00fcckzahlung verwenden wir dasselbe Zahlungsmittel, das Du bei der urspr\u00fcnglichen Transaktion eingesetzt haben, es sei denn, mit Ihnen wurde ausdr\u00fccklich etwas anderes vereinbart; in keinem Fall werden Dir wegen dieser R\u00fcckzahlung Entgelte berechnet. Wir k\u00f6nnen die R\u00fcckzahlung verweigern, bis wir die Waren wieder zur\u00fcckerhalten haben oder bis Du den Nachweis erbracht haben, dass Du die Waren zur\u00fcckgesandt habst, je nachdem, welches der fr\u00fchere Zeitpunkt ist. Du hast die Waren unverz\u00fcglich und in jedem Fall sp\u00e4testens binnen vierzehn Tagen ab dem Tag, an dem Du uns \u00fcber den Widerruf dieses Vertrags unterrichten, an uns zur\u00fcckzusenden oder zu \u00fcbergeben. Die Frist ist gewahrt, wenn Du die Waren vor Ablauf der Frist von vierzehn Tagen absendest.<br \/>\nDu tr\u00e4gst die unmittelbaren Kosten der R\u00fccksendung der Waren.<br \/>\nDu musst f\u00fcr einen etwaigen Wertverlust der Waren nur aufkommen, wenn dieser Wertverlust auf einen zur Pr\u00fcfung der Beschaffenheit, Eigenschaften und Funktionsweise der Waren nicht notwendigen Umgang mit ihnen zur\u00fcckzuf\u00fchren ist.<\/p>\n<p><em>Muster-Widerrufsformular<\/em><br \/>\n(Wenn Du den Vertrag widerrufen willst, dann f\u00fclle bitte dieses Formular aus und sende es zur\u00fcck.)<br \/>\n&#8211; An [Einsetzen: Namen\/Firma, Anschrift, E-Mailadresse und, sofern vorhanden, die Telefaxnummer]:<br \/>\n&#8211; Hiermit widerrufe(n) ich\/wir (*) den von mir\/uns (*) abgeschlossenen Vertrag \u00fcber den Kauf der folgenden Waren (*)\/ die Erbringung der folgenden Dienstleistung (*)<br \/>\n&#8211; Bestellt am (*)\/erhalten am (*)<br \/>\n&#8211; Name des\/der Verbraucher(s)<br \/>\n&#8211; Anschrift des\/der Verbraucher(s)<br \/>\n&#8211; Unterschrift des\/der Verbraucher(s) (nur bei Mitteilung auf Papier)<br \/>\n&#8211; Datum<br \/>\n&#8212;&#8212;&#8212;&#8212;&#8212;&#8212;&#8212;&#8212;&#8212;&#8212;&#8212;&#8212;&#8212;<br \/>\n(*) Unzutreffendes streichen.<\/p>\n<p><em>Ausschluss bzw. vorzeitiges Erl\u00f6schen des Widerrufsrechts<\/em><br \/>\nDas Widerrufsrecht besteht nicht bei Vertr\u00e4gen zur Lieferung von Waren, die nicht vorgefertigt sind und f\u00fcr deren Herstellung eine individuelle Auswahl oder Bestimmung durch den Verbraucher ma\u00dfgeblich ist oder die eindeutig auf die pers\u00f6nlichen Bed\u00fcrfnisse des Verbrauchers zugeschnitten sind;<br \/>\nzur Lieferung von Waren, die schnell verderben k\u00f6nnen oder deren Verfallsdatum schnell \u00fcberschritten w\u00fcrde;<br \/>\nDas Widerrufsrecht erlischt vorzeitig bei Vertr\u00e4gen<br \/>\nzur Lieferung versiegelter Waren, die aus Gr\u00fcnden des Gesundheitsschutzes oder der Hygiene nicht zur R\u00fcckgabe geeignet sind, wenn ihre Versiegelung nach der Lieferung entfernt wurde;<br \/>\nzur Lieferung von Waren, wenn diese nach der Lieferung auf Grund ihrer Beschaffenheit untrennbar mit anderen G\u00fctern vermischt wurden;<br \/>\nzur Lieferung von Ton- oder Videoaufnahmen oder Computersoftware in einer versiegelten Packung, wenn die Versiegelung nach der Lieferung entfernt wurde.<\/p>\n","protected":false},"excerpt":{"rendered":"<p>Widerrufsbelehrung f\u00fcr Verbraucher f\u00fcr einen Vertrag, bei dem die Waren in einer einheitlichen Lieferung geliefert werden Widerrufsbelehrung Verbraucher ist jede [&hellip;]<\/p>\n","protected":false},"author":1,"featured_media":0,"parent":0,"menu_order":0,"comment_status":"closed","ping_status":"closed","template":"","meta":{"_uag_custom_page_level_css":"","site-sidebar-layout":"default","site-content-layout":"","ast-site-content-layout":"default","site-content-style":"default","site-sidebar-style":"default","ast-global-header-display":"","ast-banner-title-visibility":"","ast-main-header-display":"","ast-hfb-above-header-display":"","ast-hfb-below-header-display":"","ast-hfb-mobile-header-display":"","site-post-title":"","ast-breadcrumbs-content":"","ast-featured-img":"","footer-sml-layout":"","ast-disable-related-posts":"","theme-transparent-header-meta":"","adv-header-id-meta":"","stick-header-meta":"","header-above-stick-meta":"","header-main-stick-meta":"","header-below-stick-meta":"","astra-migrate-meta-layouts":"default","ast-page-background-enabled":"default","ast-page-background-meta":{"desktop":{"background-color":"var(--ast-global-color-5)","background-image":"","background-repeat":"repeat","background-position":"center center","background-size":"auto","background-attachment":"scroll","background-type":"","background-media":"","overlay-type":"","overlay-color":"","overlay-opacity":"","overlay-gradient":""},"tablet":{"background-color":"","background-image":"","background-repeat":"repeat","background-position":"center center","background-size":"auto","background-attachment":"scroll","background-type":"","background-media":"","overlay-type":"","overlay-color":"","overlay-opacity":"","overlay-gradient":""},"mobile":{"background-color":"","background-image":"","background-repeat":"repeat","background-position":"center center","background-size":"auto","background-attachment":"scroll","background-type":"","background-media":"","overlay-type":"","overlay-color":"","overlay-opacity":"","overlay-gradient":""}},"ast-content-background-meta":{"desktop":{"background-color":"var(--ast-global-color-4)","background-image":"","background-repeat":"repeat","background-position":"center center","background-size":"auto","background-attachment":"scroll","background-type":"","background-media":"","overlay-type":"","overlay-color":"","overlay-opacity":"","overlay-gradient":""},"tablet":{"background-color":"var(--ast-global-color-4)","background-image":"","background-repeat":"repeat","background-position":"center center","background-size":"auto","background-attachment":"scroll","background-type":"","background-media":"","overlay-type":"","overlay-color":"","overlay-opacity":"","overlay-gradient":""},"mobile":{"background-color":"var(--ast-global-color-4)","background-image":"","background-repeat":"repeat","background-position":"center center","background-size":"auto","background-attachment":"scroll","background-type":"","background-media":"","overlay-type":"","overlay-color":"","overlay-opacity":"","overlay-gradient":""}},"footnotes":""},"class_list":["post-22","page","type-page","status-publish","hentry"],"uagb_featured_image_src":{"full":false,"thumbnail":false,"medium":false,"medium_large":false,"large":false,"1536x1536":false,"2048x2048":false,"woocommerce_thumbnail":false,"woocommerce_single":false,"woocommerce_gallery_thumbnail":false},"uagb_author_info":{"display_name":"design M.W GmbH","author_link":"https:\/\/www.druck-und-stick.at\/rideyourlife\/author\/design-m-w-gmbh\/"},"uagb_comment_info":0,"uagb_excerpt":"Widerrufsbelehrung f\u00fcr Verbraucher f\u00fcr einen Vertrag, bei dem die Waren in einer einheitlichen Lieferung geliefert werden Widerrufsbelehrung Verbraucher ist jede [&hellip;]","_links":{"self":[{"href":"https:\/\/www.druck-und-stick.at\/rideyourlife\/wp-json\/wp\/v2\/pages\/22","targetHints":{"allow":["GET"]}}],"collection":[{"href":"https:\/\/www.druck-und-stick.at\/rideyourlife\/wp-json\/wp\/v2\/pages"}],"about":[{"href":"https:\/\/www.druck-und-stick.at\/rideyourlife\/wp-json\/wp\/v2\/types\/page"}],"author":[{"embeddable":true,"href":"https:\/\/www.druck-und-stick.at\/rideyourlife\/wp-json\/wp\/v2\/users\/1"}],"replies":[{"embeddable":true,"href":"https:\/\/www.druck-und-stick.at\/rideyourlife\/wp-json\/wp\/v2\/comments?post=22"}],"version-history":[{"count":3,"href":"https:\/\/www.druck-und-stick.at\/rideyourlife\/wp-json\/wp\/v2\/pages\/22\/revisions"}],"predecessor-version":[{"id":437,"href":"https:\/\/www.druck-und-stick.at\/rideyourlife\/wp-json\/wp\/v2\/pages\/22\/revisions\/437"}],"wp:attachment":[{"href":"https:\/\/www.druck-und-stick.at\/rideyourlife\/wp-json\/wp\/v2\/media?parent=22"}],"curies":[{"name":"wp","href":"https:\/\/api.w.org\/{rel}","templated":true}]}}