{"id":25,"date":"2026-03-12T19:24:51","date_gmt":"2026-03-12T18:24:51","guid":{"rendered":"https:\/\/www.druck-und-stick.at\/rideyourlife\/zahlungsweisen\/"},"modified":"2026-04-16T09:00:37","modified_gmt":"2026-04-16T07:00:37","slug":"zahlungsweisen","status":"publish","type":"page","link":"https:\/\/www.druck-und-stick.at\/rideyourlife\/zahlungsweisen\/","title":{"rendered":"Zahlungsweisen"},"content":{"rendered":"<p><strong>Zahlungsarten<\/strong><\/p>\n<p>Wir bieten Dir folgende Zahlungsarten an. Suche Dir einfach die f\u00fcr Dich optimale Zahlart aus. Die Versandkosten sind teilweise abh\u00e4ngig von der gew\u00e4hlten Zahlungsart. Die in den jeweiligen Angeboten angef\u00fchrten Preise stellen Endpreise dar. Sie beinhalten alle Preisbestandteile einschlie\u00dflich etwaig anfallender Steuern wie Mehrwertsteuer. Nur bei grenz\u00fcberschreitender Lieferung k\u00f6nnen im Einzelfall weitere Steuern (z.B. im Falle eines innergemeinschaftlichen Erwerbs) und\/oder Abgaben (z.B. Z\u00f6lle) von Dir zu zahlen sein, jedoch nicht an den Verk\u00e4ufer, sondern an die dort zust\u00e4ndigen Zoll- bzw. Steuerbeh\u00f6rden. Die anfallenden Liefer- und Versandkosten sind nicht im Kaufpreis enthalten, sie sind \u00fcber die Seite \u201eVersandkosten\u201c aufrufbar, werden im Laufe des Bestellvorganges gesondert ausgewiesen und sind von Dir zus\u00e4tzlich zu tragen (entf\u00e4llt bei der jeweils g\u00fcltigen Mindestbestellmenge f\u00fcr versandkostenfreie Lieferung).<\/p>\n<p><em>Kreditkarte<br \/>\n<\/em>Zahle ganz einfach per Kreditkarte (VISA, Mastercard, AmericanExpress, Discover, JCB) \u00fcber unseren Zahlungsdienstleister Stripe. Als abbuchende Partei wird &#8222;design M.W GmbH&#8220;, unser Dienstleister f\u00fcr die Produktion von unserem Merchandise, angezeigt.<\/p>\n<p><em>PayPal<br \/>\n<\/em>Noch schneller und sicherer bezahlen mit Deinem PayPal-Konto.<\/p>\n<p><em>EPS<br \/>\n<\/em>\u00dcber EPS kannst Du Dich direkt in Dein Online-Banking einw\u00e4hlen und eine \u00dcberweisung vornehmen. Das Shopsystem erkennt Deine Zahlung automatisch und veranlasst die Produktion Deiner Bestellung.<\/p>\n","protected":false},"excerpt":{"rendered":"<p>Zahlungsarten Wir bieten Dir folgende Zahlungsarten an. Suche Dir einfach die f\u00fcr Dich optimale Zahlart aus. Die Versandkosten sind teilweise [&hellip;]<\/p>\n","protected":false},"author":1,"featured_media":0,"parent":0,"menu_order":0,"comment_status":"closed","ping_status":"closed","template":"","meta":{"_uag_custom_page_level_css":"","site-sidebar-layout":"default","site-content-layout":"","ast-site-content-layout":"default","site-content-style":"default","site-sidebar-style":"default","ast-global-header-display":"","ast-banner-title-visibility":"","ast-main-header-display":"","ast-hfb-above-header-display":"","ast-hfb-below-header-display":"","ast-hfb-mobile-header-display":"","site-post-title":"","ast-breadcrumbs-content":"","ast-featured-img":"","footer-sml-layout":"","ast-disable-related-posts":"","theme-transparent-header-meta":"","adv-header-id-meta":"","stick-header-meta":"","header-above-stick-meta":"","header-main-stick-meta":"","header-below-stick-meta":"","astra-migrate-meta-layouts":"default","ast-page-background-enabled":"default","ast-page-background-meta":{"desktop":{"background-color":"var(--ast-global-color-5)","background-image":"","background-repeat":"repeat","background-position":"center center","background-size":"auto","background-attachment":"scroll","background-type":"","background-media":"","overlay-type":"","overlay-color":"","overlay-opacity":"","overlay-gradient":""},"tablet":{"background-color":"","background-image":"","background-repeat":"repeat","background-position":"center center","background-size":"auto","background-attachment":"scroll","background-type":"","background-media":"","overlay-type":"","overlay-color":"","overlay-opacity":"","overlay-gradient":""},"mobile":{"background-color":"","background-image":"","background-repeat":"repeat","background-position":"center center","background-size":"auto","background-attachment":"scroll","background-type":"","background-media":"","overlay-type":"","overlay-color":"","overlay-opacity":"","overlay-gradient":""}},"ast-content-background-meta":{"desktop":{"background-color":"var(--ast-global-color-4)","background-image":"","background-repeat":"repeat","background-position":"center center","background-size":"auto","background-attachment":"scroll","background-type":"","background-media":"","overlay-type":"","overlay-color":"","overlay-opacity":"","overlay-gradient":""},"tablet":{"background-color":"var(--ast-global-color-4)","background-image":"","background-repeat":"repeat","background-position":"center center","background-size":"auto","background-attachment":"scroll","background-type":"","background-media":"","overlay-type":"","overlay-color":"","overlay-opacity":"","overlay-gradient":""},"mobile":{"background-color":"var(--ast-global-color-4)","background-image":"","background-repeat":"repeat","background-position":"center center","background-size":"auto","background-attachment":"scroll","background-type":"","background-media":"","overlay-type":"","overlay-color":"","overlay-opacity":"","overlay-gradient":""}},"footnotes":""},"class_list":["post-25","page","type-page","status-publish","hentry"],"uagb_featured_image_src":{"full":false,"thumbnail":false,"medium":false,"medium_large":false,"large":false,"1536x1536":false,"2048x2048":false,"woocommerce_thumbnail":false,"woocommerce_single":false,"woocommerce_gallery_thumbnail":false},"uagb_author_info":{"display_name":"design M.W GmbH","author_link":"https:\/\/www.druck-und-stick.at\/rideyourlife\/author\/design-m-w-gmbh\/"},"uagb_comment_info":0,"uagb_excerpt":"Zahlungsarten Wir bieten Dir folgende Zahlungsarten an. Suche Dir einfach die f\u00fcr Dich optimale Zahlart aus. Die Versandkosten sind teilweise [&hellip;]","_links":{"self":[{"href":"https:\/\/www.druck-und-stick.at\/rideyourlife\/wp-json\/wp\/v2\/pages\/25","targetHints":{"allow":["GET"]}}],"collection":[{"href":"https:\/\/www.druck-und-stick.at\/rideyourlife\/wp-json\/wp\/v2\/pages"}],"about":[{"href":"https:\/\/www.druck-und-stick.at\/rideyourlife\/wp-json\/wp\/v2\/types\/page"}],"author":[{"embeddable":true,"href":"https:\/\/www.druck-und-stick.at\/rideyourlife\/wp-json\/wp\/v2\/users\/1"}],"replies":[{"embeddable":true,"href":"https:\/\/www.druck-und-stick.at\/rideyourlife\/wp-json\/wp\/v2\/comments?post=25"}],"version-history":[{"count":4,"href":"https:\/\/www.druck-und-stick.at\/rideyourlife\/wp-json\/wp\/v2\/pages\/25\/revisions"}],"predecessor-version":[{"id":433,"href":"https:\/\/www.druck-und-stick.at\/rideyourlife\/wp-json\/wp\/v2\/pages\/25\/revisions\/433"}],"wp:attachment":[{"href":"https:\/\/www.druck-und-stick.at\/rideyourlife\/wp-json\/wp\/v2\/media?parent=25"}],"curies":[{"name":"wp","href":"https:\/\/api.w.org\/{rel}","templated":true}]}}