{"id":27,"date":"2026-03-12T19:24:51","date_gmt":"2026-03-12T18:24:51","guid":{"rendered":"https:\/\/www.druck-und-stick.at\/rideyourlife\/allgemeine_geschaeftsbedingungen\/"},"modified":"2026-04-08T19:18:04","modified_gmt":"2026-04-08T17:18:04","slug":"allgemeine_geschaeftsbedingungen","status":"publish","type":"page","link":"https:\/\/www.druck-und-stick.at\/rideyourlife\/allgemeine_geschaeftsbedingungen\/","title":{"rendered":"Allgemeine Gesch\u00e4ftsbedingungen"},"content":{"rendered":"<p>1. Geltungsbereich<br \/>\n2. Angebote und Leistungsbeschreibungen<br \/>\n3. Bestellvorgang und Vertragsabschluss<br \/>\n4. Preise und Versandkosten<br \/>\n5. Lieferung, Warenverf\u00fcgbarkeit<br \/>\n6. Zahlungsmodalit\u00e4ten<br \/>\n7. Eigentumsvorbehalt<br \/>\n8. Kundenkonto<br \/>\n9. Sachm\u00e4ngelgew\u00e4hrleistung und Garantie<br \/>\n10. Haftung<br \/>\n11. Speicherung des Vertragstextes<br \/>\n12. Schlussbestimmungen<\/p>\n<p><strong>1. Geltungsbereich<\/strong><br \/>\n1.1. F\u00fcr die Gesch\u00e4ftsbeziehung zwischen Wolfgang Rust, Zillingberg 9, 5300 Hallwang bei Salzburg nachfolgend \u201eVerk\u00e4ufer\u201c) und dem Kunden (nachfolgend \u201eKunde\u201c) gelten ausschlie\u00dflich die nachfolgenden Allgemeinen Gesch\u00e4ftsbedingungen in ihrer zum Zeitpunkt der Bestellung g\u00fcltigen Fassung.<\/p>\n<p>1.2. Verbraucher im Sinne dieser AGB ist jede nat\u00fcrliche Person, die ein Rechtsgesch\u00e4ft zu einem Zwecke abschlie\u00dft, der \u00fcberwiegend weder ihrer gewerblichen noch ihrer selbstst\u00e4ndigen beruflichen T\u00e4tigkeit zugerechnet werden kann. Unternehmer ist eine nat\u00fcrliche oder juristische Person oder eine rechtsf\u00e4hige Personengesellschaft, die bei Abschluss eines Rechtsgesch\u00e4fts in Aus\u00fcbung ihrer gewerblichen oder selbst\u00e4ndigen beruflichen T\u00e4tigkeit handelt.<\/p>\n<p>1.3. Abweichende Bedingungen des Kunden werden nicht anerkannt, es sei denn, der Verk\u00e4ufer stimmt ihrer Geltung ausdr\u00fccklich zu.<\/p>\n<p><strong>2. Angebote und Leistungsbeschreibungen<\/strong><br \/>\n2.1 Die Darstellung der Produkte im Online-Shop stellt kein rechtlich bindendes Angebot, sondern eine Aufforderung zur Abgabe einer Bestellung dar. Leistungsbeschreibungen in Katalogen sowie auf den Websites des Verk\u00e4ufers haben nicht den Charakter einer Zusicherung oder Garantie.<\/p>\n<p>2.2 Alle Angebote gelten \u201esolange der Vorrat reicht\u201c, wenn nicht bei den Produkten etwas anderes vermerkt ist. Im \u00dcbrigen bleiben Irrt\u00fcmer vorbehalten.<\/p>\n<p><strong>3. Bestellvorgang und Vertragsabschluss<\/strong><br \/>\n3.1. Der Kunde kann aus dem Sortiment des Verk\u00e4ufers Produkte unverbindlich ausw\u00e4hlen und diese \u00fcber die Schaltfl\u00e4che &#8222;In den Warenkorb&#8220; in einem so genannten Warenkorb sammeln. Innerhalb des Warenkorbes (erreichbar \u00fcber die Schaltefl\u00e4che &#8222;Warenkorb anzeigen&#8220;) kann die Produktauswahl ver\u00e4ndert, z.B. gel\u00f6scht werden. Anschlie\u00dfend kann der Kunde innerhalb des Warenkorbs \u00fcber die Schaltfl\u00e4che &#8222;Weiter zur Kasse&#8220; zum Abschluss des Bestellvorgangs schreiten.<\/p>\n<p>3.2. \u00dcber die Schaltfl\u00e4che &#8222;Zahlungspflichtig bestellen&#8220; gibt der Kunde einen verbindlichen Antrag zum Kauf der im Warenkorb befindlichen Waren ab. Vor Abschicken der Bestellung kann der Kunde die Daten jederzeit \u00e4ndern und einsehen sowie mithilfe der Browserfunktion &#8222;zur\u00fcck&#8220; zum Warenkorb zur\u00fcckgehen oder den Bestellvorgang insgesamt abbrechen. Notwendige Angaben sind mit einem Sternchen (*) gekennzeichnet.<\/p>\n<p>3.3. Der Verk\u00e4ufer schickt daraufhin dem Kunden eine automatische Empfangsbest\u00e4tigung per E-Mail zu, in welcher die Bestellung des Kunden nochmals aufgef\u00fchrt wird und die der Kunde \u00fcber die Funktion \u201eDrucken\u201c ausdrucken kann (Bestellbest\u00e4tigung). Die automatische Empfangsbest\u00e4tigung dokumentiert lediglich, dass die Bestellung des Kunden beim Verk\u00e4ufer eingegangen ist und stellt \u00fcblicherweise die Annahme des Antrags dar. Der Kaufvertrag kommt mit der Zahlung des Kunden zustande. Sollte die Zahlung trotz Erinnerung des Verk\u00e4ufers ausbleiben so beh\u00e4lt sich dieser vor, den Vorgang innerhalb von 10 Werktagen zu stornieren und das mittels E-Mail bekannt zu geben. Es trifft dem Verk\u00e4ufer damit keine Lieferpflicht.<\/p>\n<p>3.4 Im Fall von Kunden die Unternehmen sind, betr\u00e4gt die vorgenannte Frist zur Versendung, \u00dcbergabe oder Bestellbest\u00e4tigung sieben statt vierzehn Tage.<\/p>\n<p>3.5. Die Bestellung wird umgehend nach Zahlungseingang f\u00fcr den Kunden angefertigt und innerhalb von 2 bis 14 Werktagen in den Versand gebracht.<\/p>\n<p><strong>4. Preise und Versandkosten<\/strong><br \/>\n4.1. Alle Preise, die auf der Website des Verk\u00e4ufers angegeben sind, verstehen sich einschlie\u00dflich der jeweils g\u00fcltigen gesetzlichen Umsatzsteuer.<\/p>\n<p>4.2. Zus\u00e4tzlich zu den angegebenen Preisen berechnet der Verk\u00e4ufer f\u00fcr die Lieferung Versandkosten. Die Versandkosten werden dem K\u00e4ufer auf einer gesonderten Informationsseite und im Rahmen des Bestellvorgangs deutlich mitgeteilt.<\/p>\n<p><strong>5. Lieferung, Warenverf\u00fcgbarkeit<\/strong><br \/>\n5.1. Soweit Vorkasse vereinbart ist, erfolgt die Lieferung nach Eingang des Rechnungsbetrages.<\/p>\n<p>5.2. Sollte die Zustellung der Ware durch Verschulden des K\u00e4ufers trotz dreimaligem Auslieferversuchs scheitern, kann der Verk\u00e4ufer vom Vertrag zur\u00fccktreten. Ggf. geleistete Zahlungen werden dem Kunden unverz\u00fcglich erstattet.<\/p>\n<p>5.3. Wenn das bestellte Produkt nicht verf\u00fcgbar ist, weil der Verk\u00e4ufer mit diesem Produkt von seinem Lieferanten ohne eigenes Verschulden nicht beliefert wird, kann der Verk\u00e4ufer vom Vertrag zur\u00fccktreten. In diesem Fall wird der Verk\u00e4ufer den Kunden unverz\u00fcglich informieren und ihm ggf. die Lieferung eines vergleichbaren Produktes vorschlagen. Wenn kein vergleichbares Produkt verf\u00fcgbar ist oder der Kunde keine Lieferung eines vergleichbaren Produktes w\u00fcnscht, wird der Verk\u00e4ufer dem Kunden ggf. bereits erbrachte Gegenleistungen unverz\u00fcglich erstatten.<\/p>\n<p>5.4. Kunden werden \u00fcber Lieferzeiten und Lieferbeschr\u00e4nkungen (z.B. Beschr\u00e4nkung der Lieferungen auf bestimmten L\u00e4nder) auf einer gesonderten Informationsseite oder innerhalb der jeweiligen Produktbeschreibung unterrichtet.<\/p>\n<p>5.5 Im Fall von Kunden die Unternehmen sind, gilt, dass die Gefahr des zuf\u00e4lligen Untergangs und der zuf\u00e4lligen Verschlechterung der Ware auf die K\u00e4ufer \u00fcbergeht, sobald der Verk\u00e4ufer die Sache dem Spediteur, dem Frachtf\u00fchrer oder der sonst zur Ausf\u00fchrung der Versendung bestimmten Person oder Anstalt ausgeliefert hat; die angegebenen Lieferdaten und Fristen vorbehaltlich anderweitiger Zusagen und Vereinbarungen, keine Fixtermine sind.<\/p>\n<p>5.6 Liefer- und Leistungsverz\u00f6gerungen aufgrund h\u00f6herer Gewalt und aufgrund von unvorhersehbaren Ereignissen, die dem Verk\u00e4ufer die Lieferung wesentlich erschweren oder unm\u00f6glich machen, hat der Verk\u00e4ufer gegen\u00fcber Kunden, die Unternehmer sind, auch bei verbindlich vereinbarten Fristen und Terminen nicht zu vertreten. In diesem Fall ist der Verk\u00e4ufer berechtigt, die Lieferung bzw. Leistung um die Dauer der Behinderung zuz\u00fcglich einer angemessenen Anlauffrist hinauszuschieben. Das Recht zur Hinausschiebung der Frist gilt gegen\u00fcber Kunden, die Unternehmer sind auch in F\u00e4llen unvorhersehbarer Ereignisse, die auf den Betrieb eines Vorlieferanten einwirken und weder von ihm noch von dem Verk\u00e4ufer zu vertreten sind. W\u00e4hrend der Dauer dieser Behinderung ist der Kunde ebenfalls von seinen vertraglichen Verpflichtungen entbunden, insbesondere der Zahlung. Ist die Verz\u00f6gerung dem Kunden nicht zuzumuten, kann dieser nach einer von ihm zu setzenden angemessenen Frist oder einvernehmlicher R\u00fccksprache mit dem Verk\u00e4ufer durch schriftliche Erkl\u00e4rung vom Vertrag zur\u00fccktreten.<\/p>\n<p><strong>6. Zahlungsmodalit\u00e4ten<\/strong><br \/>\n6.1. Der Kunde kann im Rahmen und vor Abschluss des Bestellvorgangs aus den zur Verf\u00fcgung stehenden Zahlungsarten w\u00e4hlen. Kunden werden \u00fcber die zur Verf\u00fcgung stehenden Zahlungsmittel auf einer gesonderten Informationsseite unterrichtet.<\/p>\n<p>6.2. Werden Drittanbieter mit der Zahlungsabwicklung beauftragt, z.B. Paypal. gelten deren Allgemeine Gesch\u00e4ftsbedingungen.<\/p>\n<p>6.3. Ist die F\u00e4lligkeit der Zahlung nach dem Kalender bestimmt, so kommt der Kunde bereits durch Vers\u00e4umung des Termins in Verzug. In diesem Fall hat der Kunde die gesetzlichen Verzugszinsen zu zahlen.<\/p>\n<p>6.2. Die Verpflichtung des Kunden zur Zahlung von Verzugszinsen schlie\u00dft die Geltendmachung weiterer Verzugssch\u00e4den durch den Verk\u00e4ufer nicht aus.<\/p>\n<p>6.5. Ein Recht zur Aufrechnung steht dem Kunden nur zu, wenn seine Gegenanspr\u00fcche rechtskr\u00e4ftig festgestellt oder von dem Verk\u00e4ufer anerkannt sind. Der Kunde kann ein Zur\u00fcckbehaltungsrecht nur aus\u00fcben, soweit die Anspr\u00fcche aus dem gleichen Vertragsverh\u00e4ltnis resultieren.<\/p>\n<p><strong>7. Eigentumsvorbehalt<\/strong><br \/>\nDie bestellte Ware wird erst nach erfolgreich ausgef\u00fchrter Bezahlung f\u00fcr den Kunden angefertigt und ist deshalb vom Eigentumsvorbehalt, aber auch von unberechtigter R\u00fcckgabe ausgeschlossen, da es sich um Sonderanfertigungen handelt.<\/p>\n<p><strong>8. Kundenkonto<\/strong><\/p>\n<p>8.1 Der Verk\u00e4ufer stellt den Kunden ein Kundenkonto zur Verf\u00fcgung. Innerhalb des Kundenkontos werden den Kunden Informationen \u00fcber die Bestellungen und ihre beim Verk\u00e4ufer gespeicherten Kundendaten zur Verf\u00fcgung gestellt. Die im Kundenkonto gespeicherten Informationen sind nicht \u00f6ffentlich.<\/p>\n<p>8.2. Um eine Bestellung t\u00e4tigen zu k\u00f6nnen, m\u00fcssen Kunden ein Kundenkonto anlegen. Eine Gastbestellung ist nicht m\u00f6glich.<\/p>\n<p>8.3. Die Kunden sind verpflichtet, im Kundenkonto wahrheitsgem\u00e4\u00dfe Angaben zu machen und die Angaben an \u00c4nderungen der tats\u00e4chlichen Verh\u00e4ltnisse anzupassen, soweit dies erforderlich ist (z.B. die ge\u00e4nderte E-Mail-Adresse im Falle eines Wechsels oder die ge\u00e4nderte Postanschrift vor einer Bestellung). Kunden sind f\u00fcr eventuelle Nachteile, die aufgrund fehlerhafter Angaben entstehen, verantwortlich.<\/p>\n<p>8.4. Das Kundenkonto darf nur nach den geltenden gesetzlichen Bestimmungen, insbesondere den Vorschriften zum Schutz von Rechten Dritter, und nach Ma\u00dfgabe der AGB des Verk\u00e4ufers mittels der durch den Verk\u00e4ufer bereitgestellten Zugriffsmasken und anderen technischen Zugriffsm\u00f6glichkeiten genutzt werden. Eine andere Art der Nutzung, insbesondere durch externe Software, wie z.B. Bots oder Crawler, ist untersagt.<\/p>\n<p>8.5. Soweit Kunden innerhalb des Kundenkontos Inhalte oder Informationen (nachfolgend bezeichnet als &#8222;Inhalte&#8220;) speichern, angeben oder sonst einstellen, sind die Kunden f\u00fcr diese Informationen verantwortlich. Der Verk\u00e4ufer macht sich die Inhalte der Kunden nicht zu eigen. Der Verk\u00e4ufer beh\u00e4lt sich jedoch vor, je nach dem Grad der von den Inhalten ausgehenden Rechtsverletzungsgefahr, insbesondere der Gefahr f\u00fcr Dritte, geeignete Ma\u00dfnahmen zu ergreifen. Zu den Ma\u00dfnahmen, die den Kriterien der Erforderlichkeit, Angemessenheit, Sorgfalt, Objektivit\u00e4t sowie der Zumutbarkeit und den Interessen aller Beteiligten, insbesondere den Grundrechten der Kunden, Rechnung tragen, k\u00f6nnen die (teilweise) L\u00f6schung von Inhalten, Handlungs- und Erkl\u00e4rungsaufforderungen, Verwarnungen und Abmahnungen sowie Hausverbote geh\u00f6ren.<\/p>\n<p>8.6. Kunden k\u00f6nnen das Kundenkonto jederzeit k\u00fcndigen. Der Verk\u00e4ufer kann das Kundenkonto jederzeit mit einer angemessenen Frist, die in der Regel zwei Wochen betr\u00e4gt, k\u00fcndigen. Die K\u00fcndigung muss f\u00fcr den Kunden zumutbar sein. Der Verk\u00e4ufer beh\u00e4lt sich die K\u00fcndigung aus au\u00dferordentlichen Gr\u00fcnden vor.<\/p>\n<p>8.7. Ab dem Zeitpunkt der K\u00fcndigung stehen das Kundenkonto und die im Kundenkonto gespeicherten Informationen dem Kunden nicht mehr zur Verf\u00fcgung. Es liegt in der Verantwortung des Kunden, seine Daten bei der K\u00fcndigung des Kundenkontos zu sichern.<\/p>\n<p><strong>9. Sachm\u00e4ngelgew\u00e4hrleistung und Garantie<\/strong><br \/>\n9.1. Die Gew\u00e4hrleistung (M\u00e4ngelhaftung) bestimmt sich vorbehaltlich folgender Regelungen nach gesetzlichen Vorschriften.<\/p>\n<p>9.2. Eine Garantie besteht bei den vom Verk\u00e4ufer gelieferten Waren nur, wenn diese ausdr\u00fccklich abgegeben wurde. Kunden werden \u00fcber die Garantiebedingungen vor der Einleitung des Bestellvorgangs informiert.<\/p>\n<p>9.3 Ist der Kunde Unternehmer, so hat er die Ware unbeschadet gesetzlicher R\u00fcgeobliegenheiten unverz\u00fcglich zu untersuchen und erkennbare Sachm\u00e4ngel gegen\u00fcber dem Lieferanten unverz\u00fcglich, sp\u00e4testens innerhalb von zwei Wochen nach Ablieferung, schriftlich und nicht erkennbare Sachm\u00e4ngel unverz\u00fcglich, sp\u00e4testens innerhalb von zwei Wochen nach Feststellung, anzuzeigen. Handels\u00fcbliche, gem\u00e4\u00df G\u00fctenormen zul\u00e4ssige oder geringe Abweichungen in Qualit\u00e4t, Gewicht, Gr\u00f6\u00dfe, Dicke, Breite, Ausr\u00fcstung, Musterung und Farbe sind keine M\u00e4ngel.<\/p>\n<p>9.4 Ist der Kunde Unternehmer, erfolgt die Wahl zwischen Nachbesserung oder Nachlieferung mangelhafter Ware durch den Verk\u00e4ufer.<\/p>\n<p>9.5 Sachm\u00e4ngel verj\u00e4hren unbeschadet der Haftungsregelungen dieser AGB bei Kunden die Unternehmer sind, grunds\u00e4tzlich ein Jahr nach Gefahren\u00fcbergang, soweit nicht kraft Gesetzes, insbesondere bei Sonderbestimmungen f\u00fcr den R\u00fcckgriff des Unternehmers, zwingend l\u00e4ngere Fristen vorgeschrieben sind. Bei gebrauchten Waren ist die Gew\u00e4hrleistung von Kunden die Unternehmer sind, ausgeschlossen.<\/p>\n<p>9.6 Hat der Kunde, der Unternehmer ist, die mangelhafte Sache im Sinne des \u00a7 439 Abs. 3 BGB gem\u00e4\u00df ihrer Art und ihrem Verwendungszweck in eine andere Sache eingebaut oder an eine andere Sache angebracht, ist der Verk\u00e4ufer, vorbehaltlich einer ausdr\u00fccklichen Vereinbarung und unbeschadet der \u00fcbrigen Gew\u00e4hrleistungspflichten, im Rahmen der Nacherf\u00fcllung nicht verpflichtet, dem Kunden die erforderlichen Aufwendungen f\u00fcr das Entfernen der mangelhaften und den Einbau oder das Anbringen der nachgebesserten oder gelieferten mangelfreien Sache zu ersetzen. Dementsprechend ist der Verk\u00e4ufer auch nicht zum Ersatz von Aufwendungen f\u00fcr das Entfernen der mangelhaften und den Einbau oder das Anbringen der nachgebesserten oder gelieferten mangelfreien Sache im Rahmen eines R\u00fcckgriffs durch den Kunden im Rahmen der Lieferkette (d.h. zwischen dem Kunden und seinen Kunden) verpflichtet.<\/p>\n<p><strong>10. Haftung<\/strong><br \/>\n10.1. F\u00fcr eine Haftung des Verk\u00e4ufers auf Schadensersatz gelten unbeschadet der sonstigen gesetzlichen Anspruchsvoraussetzungen folgende Haftungsausschl\u00fcsse und -begrenzungen.<\/p>\n<p>10.2. Der Verk\u00e4ufer haftet unbeschr\u00e4nkt, soweit die Schadensursache auf Vorsatz oder grober Fahrl\u00e4ssigkeit beruht.<\/p>\n<p>10.3. Ferner haftet der Verk\u00e4ufer f\u00fcr die leicht fahrl\u00e4ssige Verletzung von wesentlichen Pflichten, deren Verletzung die Erreichung des Vertragszwecks gef\u00e4hrdet, oder f\u00fcr die Verletzung von Pflichten, deren Erf\u00fcllung die ordnungsgem\u00e4\u00dfe Durchf\u00fchrung des Vertrages \u00fcberhaupt erst erm\u00f6glicht und auf deren Einhaltung der Kunde regelm\u00e4\u00dfig vertraut. In diesem Fall haftet der Verk\u00e4ufer jedoch nur f\u00fcr den vorhersehbaren, vertragstypischen Schaden. Der Verk\u00e4ufer haftet nicht f\u00fcr die leicht fahrl\u00e4ssige Verletzung anderer als der in den vorstehenden S\u00e4tzen genannten Pflichten.<\/p>\n<p>10.4. Die vorstehenden Haftungsbeschr\u00e4nkungen gelten nicht bei Verletzung von Leben, K\u00f6rper und Gesundheit, f\u00fcr einen Mangel nach \u00dcbernahme einer Garantie f\u00fcr die Beschaffenheit des Produktes und bei arglistig verschwiegenen M\u00e4ngeln. Die Haftung nach dem Produkthaftungsgesetz bleibt unber\u00fchrt.<\/p>\n<p>10.5. Soweit die Haftung des Verk\u00e4ufers ausgeschlossen oder beschr\u00e4nkt ist, gilt dies auch f\u00fcr die pers\u00f6nliche Haftung von Arbeitnehmern, Vertretern und Erf\u00fcllungsgehilfen.<\/p>\n<p><strong>11. Speicherung des Vertragstextes<\/strong><br \/>\n11.1. Der Kunde kann den Vertragstext vor der Abgabe der Bestellung an den Verk\u00e4ufer ausdrucken, indem er im letzten Schritt der Bestellung die Druckfunktion seines Browsers nutzt.<\/p>\n<p>11.2. Der Verk\u00e4ufer sendet dem Kunden au\u00dferdem eine Bestellbest\u00e4tigung mit allen Bestelldaten an die von Ihm angegebene E-Mail-Adresse zu. Mit der Bestellbest\u00e4tigung, sp\u00e4testens jedoch bei der Lieferung der Ware, erh\u00e4lt der Kunde ferner eine Kopie der AGB nebst Widerrufsbelehrung und den Hinweisen zu Versandkosten sowie Liefer- und Zahlungsbedingungen. Sofern Sie sich in unserem Shop registriert haben sollten, k\u00f6nnen Sie in Ihrem Profilbereich Ihre aufgegebenen Bestellungen einsehen. Dar\u00fcber hinaus speichern wir den Vertragstext, machen ihn jedoch im Internet nicht zug\u00e4nglich.<\/p>\n<p>11.3 Kunden die Unternehmer sind, k\u00f6nnen die Vertragsunterlagen per E-Mail, schriftlich oder Verweis auf eine Onlinequelle erhalten.<\/p>\n<p><strong>12. Schlussbestimmungen<\/strong><br \/>\n12.1. Ist der K\u00e4ufer Unternehmer ist vorbehaltlich anderer Abreden oder zwingender gesetzlicher Vorschriften der Erf\u00fcllungsort der Sitz des Verk\u00e4ufers, w\u00e4hrend der Gerichtstand sich am Sitz des Verk\u00e4ufers befindet, wenn der Kunde Kaufmann, juristische Person des \u00f6ffentlichen Rechts oder \u00f6ffentlich-rechtliches Sonderverm\u00f6gen ist oder der K\u00e4ufer im Sitzland des Verk\u00e4ufers keinen allgemeinen Gerichtsstand hat. Das Recht des Verk\u00e4ufers einen anderen zul\u00e4ssigen Gerichtsstand zu w\u00e4hlen, bleibt vorbehalten.<\/p>\n<p>12.2 Im Fall von Unternehmern gilt das Recht der Republik \u00d6sterreich\u00a0unter Ausschluss des UN-Kaufrechts, solange dem keine zwingenden gesetzlichen Vorschriften entgegenstehen.<\/p>\n<p>12.3. Vertragssprache ist deutsch.<\/p>\n<p>12.4. Wir sind nicht bereit und nicht verpflichtet an einem Streitbeilegungsverfahren vor einer Verbraucherschlichtungsstelle teilzunehmen.<\/p>\n","protected":false},"excerpt":{"rendered":"<p>1. Geltungsbereich 2. Angebote und Leistungsbeschreibungen 3. Bestellvorgang und Vertragsabschluss 4. Preise und Versandkosten 5. Lieferung, Warenverf\u00fcgbarkeit 6. Zahlungsmodalit\u00e4ten 7. [&hellip;]<\/p>\n","protected":false},"author":1,"featured_media":0,"parent":0,"menu_order":0,"comment_status":"closed","ping_status":"closed","template":"","meta":{"_uag_custom_page_level_css":"","site-sidebar-layout":"default","site-content-layout":"","ast-site-content-layout":"default","site-content-style":"default","site-sidebar-style":"default","ast-global-header-display":"","ast-banner-title-visibility":"","ast-main-header-display":"","ast-hfb-above-header-display":"","ast-hfb-below-header-display":"","ast-hfb-mobile-header-display":"","site-post-title":"","ast-breadcrumbs-content":"","ast-featured-img":"","footer-sml-layout":"","ast-disable-related-posts":"","theme-transparent-header-meta":"","adv-header-id-meta":"","stick-header-meta":"","header-above-stick-meta":"","header-main-stick-meta":"","header-below-stick-meta":"","astra-migrate-meta-layouts":"default","ast-page-background-enabled":"default","ast-page-background-meta":{"desktop":{"background-color":"var(--ast-global-color-5)","background-image":"","background-repeat":"repeat","background-position":"center center","background-size":"auto","background-attachment":"scroll","background-type":"","background-media":"","overlay-type":"","overlay-color":"","overlay-opacity":"","overlay-gradient":""},"tablet":{"background-color":"","background-image":"","background-repeat":"repeat","background-position":"center center","background-size":"auto","background-attachment":"scroll","background-type":"","background-media":"","overlay-type":"","overlay-color":"","overlay-opacity":"","overlay-gradient":""},"mobile":{"background-color":"","background-image":"","background-repeat":"repeat","background-position":"center center","background-size":"auto","background-attachment":"scroll","background-type":"","background-media":"","overlay-type":"","overlay-color":"","overlay-opacity":"","overlay-gradient":""}},"ast-content-background-meta":{"desktop":{"background-color":"var(--ast-global-color-4)","background-image":"","background-repeat":"repeat","background-position":"center center","background-size":"auto","background-attachment":"scroll","background-type":"","background-media":"","overlay-type":"","overlay-color":"","overlay-opacity":"","overlay-gradient":""},"tablet":{"background-color":"var(--ast-global-color-4)","background-image":"","background-repeat":"repeat","background-position":"center center","background-size":"auto","background-attachment":"scroll","background-type":"","background-media":"","overlay-type":"","overlay-color":"","overlay-opacity":"","overlay-gradient":""},"mobile":{"background-color":"var(--ast-global-color-4)","background-image":"","background-repeat":"repeat","background-position":"center center","background-size":"auto","background-attachment":"scroll","background-type":"","background-media":"","overlay-type":"","overlay-color":"","overlay-opacity":"","overlay-gradient":""}},"footnotes":""},"class_list":["post-27","page","type-page","status-publish","hentry"],"uagb_featured_image_src":{"full":false,"thumbnail":false,"medium":false,"medium_large":false,"large":false,"1536x1536":false,"2048x2048":false,"woocommerce_thumbnail":false,"woocommerce_single":false,"woocommerce_gallery_thumbnail":false},"uagb_author_info":{"display_name":"design M.W GmbH","author_link":"https:\/\/www.druck-und-stick.at\/rideyourlife\/author\/design-m-w-gmbh\/"},"uagb_comment_info":0,"uagb_excerpt":"1. Geltungsbereich 2. Angebote und Leistungsbeschreibungen 3. Bestellvorgang und Vertragsabschluss 4. Preise und Versandkosten 5. Lieferung, Warenverf\u00fcgbarkeit 6. Zahlungsmodalit\u00e4ten 7. [&hellip;]","_links":{"self":[{"href":"https:\/\/www.druck-und-stick.at\/rideyourlife\/wp-json\/wp\/v2\/pages\/27","targetHints":{"allow":["GET"]}}],"collection":[{"href":"https:\/\/www.druck-und-stick.at\/rideyourlife\/wp-json\/wp\/v2\/pages"}],"about":[{"href":"https:\/\/www.druck-und-stick.at\/rideyourlife\/wp-json\/wp\/v2\/types\/page"}],"author":[{"embeddable":true,"href":"https:\/\/www.druck-und-stick.at\/rideyourlife\/wp-json\/wp\/v2\/users\/1"}],"replies":[{"embeddable":true,"href":"https:\/\/www.druck-und-stick.at\/rideyourlife\/wp-json\/wp\/v2\/comments?post=27"}],"version-history":[{"count":3,"href":"https:\/\/www.druck-und-stick.at\/rideyourlife\/wp-json\/wp\/v2\/pages\/27\/revisions"}],"predecessor-version":[{"id":365,"href":"https:\/\/www.druck-und-stick.at\/rideyourlife\/wp-json\/wp\/v2\/pages\/27\/revisions\/365"}],"wp:attachment":[{"href":"https:\/\/www.druck-und-stick.at\/rideyourlife\/wp-json\/wp\/v2\/media?parent=27"}],"curies":[{"name":"wp","href":"https:\/\/api.w.org\/{rel}","templated":true}]}}