{"id":9,"date":"2026-04-16T09:20:18","date_gmt":"2026-04-16T07:20:18","guid":{"rendered":"https:\/\/www.druck-und-stick.at\/rideyourlife\/?page_id=9"},"modified":"2026-04-16T09:20:18","modified_gmt":"2026-04-16T07:20:18","slug":"rueckerstattung_rueckgaben","status":"publish","type":"page","link":"https:\/\/www.druck-und-stick.at\/rideyourlife\/rueckerstattung_rueckgaben\/","title":{"rendered":"Richtlinie f\u00fcr R\u00fcckerstattungen und R\u00fcckgaben"},"content":{"rendered":"\n<h2 class=\"wp-block-heading\">\u00dcbersicht<\/h2>\n\n\n\n<p>Unsere R\u00fcckgabe- und Erstattungsrichtlinie gilt f\u00fcr 30 Tage. Wenn seit Ihrem Kauf 30 Tage vergangen sind, k\u00f6nnen wir Ihnen leider keine vollst\u00e4ndige R\u00fcckerstattung oder keinen Umtausch mehr anbieten.<\/p>\n\n\n\n<p>Um f\u00fcr eine R\u00fcckgabe berechtigt zu sein, muss Ihr Artikel unbenutzt und in demselben Zustand sein, in dem Sie ihn erhalten haben. Au\u00dferdem muss er sich in der Originalverpackung befinden.<\/p>\n\n\n\n<h2 class=\"wp-block-heading\">R\u00fcckerstattungen<\/h2>\n\n\n\n<p>Sobald deine R\u00fccksendung bei uns eingegangen ist und gepr\u00fcft wurde, senden wir dir eine E-Mail zur Best\u00e4tigung des Eingangs deiner retournierten Ware. Au\u00dferdem informieren wir dich dar\u00fcber, ob deine R\u00fcckerstattung genehmigt oder abgelehnt wurde.<\/p>\n\n\n\n<p>Wenn deine R\u00fcckerstattung genehmigt wird, wird diese bearbeitet und der Betrag innerhalb weniger Tage automatisch auf deine Kreditkarte oder die urspr\u00fcnglich verwendete Zahlungsmethode gutgeschrieben.<\/p>\n\n\n\n<h3 class=\"wp-block-heading\">Versp\u00e4tete oder fehlende R\u00fcckerstattungen<\/h3>\n\n\n\n<p>Falls du noch keine R\u00fcckerstattung erhalten hast, \u00fcberpr\u00fcfe bitte zuerst erneut dein Bankkonto oder deine Kreditkartenabrechnung.<\/p>\n\n\n\n<p>Kontaktiere anschlie\u00dfend dein Kreditkartenunternehmen. Es kann einige Zeit dauern, bis die R\u00fcckerstattung offiziell verbucht wird.<\/p>\n\n\n\n<p>Danach wende dich an deine Bank. Oft gibt es eine gewisse Bearbeitungszeit, bis eine R\u00fcckerstattung sichtbar ist.<\/p>\n\n\n\n<p>Wenn du all diese Schritte durchgef\u00fchrt hast und deine R\u00fcckerstattung noch immer nicht erhalten hast, kontaktiere uns bitte unter <a href=\"mailto:rideyourlife@druck-und-stick.at\">rideyourlife@druck-und-stick.at.<\/a><\/p>\n\n\n\n<h3 class=\"wp-block-heading\">Reduzierte Artikel<\/h3>\n\n\n\n<p>Nur regul\u00e4r bepreiste Artikel k\u00f6nnen erstattet werden. Reduzierte Artikel sind von der R\u00fcckerstattung ausgeschlossen.<\/p>\n\n\n\n<h2 class=\"wp-block-heading\">Umtausch<\/h2>\n\n\n\n<p>Ein Umtausch erfolgt nur bei defekten oder besch\u00e4digten Artikeln. Wenn du den Artikel gegen denselben Artikel umtauschen m\u00f6chtest, sende uns bitte eine E-Mail an <a href=\"mailto:rideyourlife@druck-und-stick.at\">rideyourlife@druck-und-stick.at<\/a> und schicke den Artikel an folgende Adresse: design M.W GmbH, Ride Your Life, Gewerbepark Habach 29, 5321 Koppl, \u00d6sterreich<\/p>\n\n\n\n<h2 class=\"wp-block-heading\">Geschenke<\/h2>\n\n\n\n<p>Wenn der Artikel beim Kauf als Geschenk gekennzeichnet und direkt an dich versendet wurde, erh\u00e4ltst du eine Gutschrift in H\u00f6he des R\u00fcckgabewertes. Sobald der retournierte Artikel bei uns eingegangen ist, senden wir dir einen Geschenkgutschein zu.<\/p>\n\n\n\n<p>Wenn der Artikel beim Kauf nicht als Geschenk gekennzeichnet war oder der Schenkende die Bestellung zun\u00e4chst an sich selbst senden lie\u00df, um sie sp\u00e4ter zu \u00fcbergeben, erfolgt die R\u00fcckerstattung an den Schenkenden. Dieser wird somit \u00fcber deine R\u00fccksendung informiert.<\/p>\n\n\n\n<h2 class=\"wp-block-heading\">R\u00fccksendung<\/h2>\n\n\n\n<p>Um dein Produkt zur\u00fcckzusenden, schicke es bitte an folgende Adresse: design M.W GmbH, Ride Your Life, Gewerbepark Habach 29, 5321 Koppl, \u00d6sterreich.<\/p>\n\n\n\n<p>Die Kosten f\u00fcr die R\u00fccksendung tr\u00e4gst du selbst. Versandkosten sind nicht erstattungsf\u00e4hig. Falls du eine R\u00fcckerstattung erh\u00e4ltst, werden die R\u00fccksendekosten vom Erstattungsbetrag abgezogen.<\/p>\n\n\n\n<p>Je nach deinem Wohnort kann es unterschiedlich lange dauern, bis ein umgetauschter Artikel bei dir eintrifft.<\/p>\n\n\n\n<p>Wenn du teurere Artikel zur\u00fccksendest, empfehlen wir dir, einen Versand mit Sendungsverfolgung zu w\u00e4hlen oder eine Versandversicherung abzuschlie\u00dfen. Wir k\u00f6nnen nicht garantieren, dass deine R\u00fccksendung bei uns ankommt.<\/p>\n\n\n\n<h2 class=\"wp-block-heading\">Brauchst du Hilfe?<\/h2>\n\n\n\n<p>Bei Fragen zu R\u00fcckerstattungen und R\u00fccksendungen kontaktiere uns bitte unter <a href=\"mailto:rideyourlife@druck-und-stick.at\">rideyourlife@druck-und-stick.at<\/a>.<\/p>\n","protected":false},"excerpt":{"rendered":"<p>\u00dcbersicht Unsere R\u00fcckgabe- und Erstattungsrichtlinie gilt f\u00fcr 30 Tage. Wenn seit Ihrem Kauf 30 Tage vergangen sind, k\u00f6nnen wir Ihnen [&hellip;]<\/p>\n","protected":false},"author":1,"featured_media":0,"parent":0,"menu_order":0,"comment_status":"closed","ping_status":"closed","template":"","meta":{"_uag_custom_page_level_css":"","site-sidebar-layout":"default","site-content-layout":"","ast-site-content-layout":"default","site-content-style":"default","site-sidebar-style":"default","ast-global-header-display":"","ast-banner-title-visibility":"","ast-main-header-display":"","ast-hfb-above-header-display":"","ast-hfb-below-header-display":"","ast-hfb-mobile-header-display":"","site-post-title":"","ast-breadcrumbs-content":"","ast-featured-img":"","footer-sml-layout":"","ast-disable-related-posts":"","theme-transparent-header-meta":"","adv-header-id-meta":"","stick-header-meta":"","header-above-stick-meta":"","header-main-stick-meta":"","header-below-stick-meta":"","astra-migrate-meta-layouts":"default","ast-page-background-enabled":"default","ast-page-background-meta":{"desktop":{"background-color":"var(--ast-global-color-5)","background-image":"","background-repeat":"repeat","background-position":"center center","background-size":"auto","background-attachment":"scroll","background-type":"","background-media":"","overlay-type":"","overlay-color":"","overlay-opacity":"","overlay-gradient":""},"tablet":{"background-color":"","background-image":"","background-repeat":"repeat","background-position":"center center","background-size":"auto","background-attachment":"scroll","background-type":"","background-media":"","overlay-type":"","overlay-color":"","overlay-opacity":"","overlay-gradient":""},"mobile":{"background-color":"","background-image":"","background-repeat":"repeat","background-position":"center center","background-size":"auto","background-attachment":"scroll","background-type":"","background-media":"","overlay-type":"","overlay-color":"","overlay-opacity":"","overlay-gradient":""}},"ast-content-background-meta":{"desktop":{"background-color":"var(--ast-global-color-4)","background-image":"","background-repeat":"repeat","background-position":"center center","background-size":"auto","background-attachment":"scroll","background-type":"","background-media":"","overlay-type":"","overlay-color":"","overlay-opacity":"","overlay-gradient":""},"tablet":{"background-color":"var(--ast-global-color-4)","background-image":"","background-repeat":"repeat","background-position":"center center","background-size":"auto","background-attachment":"scroll","background-type":"","background-media":"","overlay-type":"","overlay-color":"","overlay-opacity":"","overlay-gradient":""},"mobile":{"background-color":"var(--ast-global-color-4)","background-image":"","background-repeat":"repeat","background-position":"center center","background-size":"auto","background-attachment":"scroll","background-type":"","background-media":"","overlay-type":"","overlay-color":"","overlay-opacity":"","overlay-gradient":""}},"footnotes":""},"class_list":["post-9","page","type-page","status-publish","hentry"],"uagb_featured_image_src":{"full":false,"thumbnail":false,"medium":false,"medium_large":false,"large":false,"1536x1536":false,"2048x2048":false,"woocommerce_thumbnail":false,"woocommerce_single":false,"woocommerce_gallery_thumbnail":false},"uagb_author_info":{"display_name":"design M.W GmbH","author_link":"https:\/\/www.druck-und-stick.at\/rideyourlife\/author\/design-m-w-gmbh\/"},"uagb_comment_info":0,"uagb_excerpt":"\u00dcbersicht Unsere R\u00fcckgabe- und Erstattungsrichtlinie gilt f\u00fcr 30 Tage. Wenn seit Ihrem Kauf 30 Tage vergangen sind, k\u00f6nnen wir Ihnen [&hellip;]","_links":{"self":[{"href":"https:\/\/www.druck-und-stick.at\/rideyourlife\/wp-json\/wp\/v2\/pages\/9","targetHints":{"allow":["GET"]}}],"collection":[{"href":"https:\/\/www.druck-und-stick.at\/rideyourlife\/wp-json\/wp\/v2\/pages"}],"about":[{"href":"https:\/\/www.druck-und-stick.at\/rideyourlife\/wp-json\/wp\/v2\/types\/page"}],"author":[{"embeddable":true,"href":"https:\/\/www.druck-und-stick.at\/rideyourlife\/wp-json\/wp\/v2\/users\/1"}],"replies":[{"embeddable":true,"href":"https:\/\/www.druck-und-stick.at\/rideyourlife\/wp-json\/wp\/v2\/comments?post=9"}],"version-history":[{"count":1,"href":"https:\/\/www.druck-und-stick.at\/rideyourlife\/wp-json\/wp\/v2\/pages\/9\/revisions"}],"predecessor-version":[{"id":446,"href":"https:\/\/www.druck-und-stick.at\/rideyourlife\/wp-json\/wp\/v2\/pages\/9\/revisions\/446"}],"wp:attachment":[{"href":"https:\/\/www.druck-und-stick.at\/rideyourlife\/wp-json\/wp\/v2\/media?parent=9"}],"curies":[{"name":"wp","href":"https:\/\/api.w.org\/{rel}","templated":true}]}}