{"id":115,"date":"2026-03-18T12:06:06","date_gmt":"2026-03-18T11:06:06","guid":{"rendered":"https:\/\/www.druck-und-stick.at\/rideyourlife\/?post_type=product&#038;p=115"},"modified":"2026-04-23T12:02:03","modified_gmt":"2026-04-23T10:02:03","slug":"herren-sportpolo-mit-wr-stickerei-atmungsaktiv-ideal-fuer-reiter","status":"publish","type":"product","link":"https:\/\/www.druck-und-stick.at\/rideyourlife\/produkt\/herren-sportpolo-mit-wr-stickerei-atmungsaktiv-ideal-fuer-reiter\/","title":{"rendered":"Herren Sportpolo"},"content":{"rendered":"<p>Dieses <strong data-start=\"315\" data-end=\"401\">Herren Sportpolo mit hochwertiger WR-Stickerei auf der linken Brust<\/strong>\u00a0vereint <strong data-start=\"410\" data-end=\"458\">sportlichen Stil und funktionale Performance<\/strong> \u2013 perfekt f\u00fcr alle, die ihre Leidenschaft f\u00fcr Pferde im Alltag zeigen m\u00f6chten.<br \/>\nOb im <strong data-start=\"547\" data-end=\"590\">Stall, beim Reiten oder in der Freizeit<\/strong> \u2013 das <strong data-start=\"597\" data-end=\"636\">leichte CoolPlus\u00ae Funktionsmaterial<\/strong> sorgt f\u00fcr ein angenehm trockenes Tragegef\u00fchl, auch bei aktiven Eins\u00e4tzen. Der klassische <strong data-start=\"726\" data-end=\"760\">Polokragen mit 3er Knopfleiste<\/strong> verleiht dem Shirt einen sportlich-eleganten Look.<br \/>\nDank des <strong data-start=\"824\" data-end=\"875\">atmungsaktiven und schnelltrocknenden Materials<\/strong> bleibt das Polo auch an warmen Tagen komfortabel und ist damit der ideale Begleiter f\u00fcr <strong data-start=\"964\" data-end=\"1001\">Reitsport und Outdoor-Aktivit\u00e4ten<\/strong>.<\/p>\n<hr data-start=\"1006\" data-end=\"1009\" \/>\n<h2 data-section-id=\"1wf6jk6\" data-start=\"1011\" data-end=\"1026\">Highlights<\/h2>\n<ul>\n<li data-start=\"1028\" data-end=\"1337\"><strong data-start=\"1031\" data-end=\"1082\">WR-Stickerei auf der linken Brust\u00a0<\/strong><\/li>\n<li data-start=\"1028\" data-end=\"1337\"><strong data-start=\"1088\" data-end=\"1134\">Atmungsaktives CoolPlus\u00ae Funktionsmaterial<\/strong><\/li>\n<li data-start=\"1028\" data-end=\"1337\"><strong data-start=\"1140\" data-end=\"1184\">Schnelltrocknend \u2013 ideal f\u00fcr aktive Tage<\/strong><\/li>\n<li data-start=\"1028\" data-end=\"1337\"><strong data-start=\"1190\" data-end=\"1236\">Klassischer Polokragen mit 3er Knopfleiste<\/strong><\/li>\n<li data-start=\"1028\" data-end=\"1337\"><strong data-start=\"1241\" data-end=\"1296\">Glattes Gewebe\u00a0<\/strong><\/li>\n<li data-start=\"1028\" data-end=\"1337\"><strong data-start=\"1302\" data-end=\"1335\">Pflegeleicht \u2013 40 \u00b0C waschbar<\/strong><\/li>\n<\/ul>\n<hr data-start=\"1339\" data-end=\"1342\" \/>\n<h2 data-section-id=\"18zf48a\" data-start=\"1344\" data-end=\"1367\">Material &amp; Details<\/h2>\n<ul data-start=\"1369\" data-end=\"1657\">\n<li data-section-id=\"1gfkp9a\" data-start=\"1369\" data-end=\"1395\"><strong data-start=\"1371\" data-end=\"1384\">Material:<\/strong> 145 g\/m\u00b2<\/li>\n<li data-section-id=\"18isiy5\" data-start=\"1396\" data-end=\"1451\"><strong data-start=\"1398\" data-end=\"1408\">Stoff:<\/strong> 50 % Polyester, 50 % Polyester CoolPlus\u00ae<\/li>\n<li data-section-id=\"q024u3\" data-start=\"1452\" data-end=\"1505\"><strong data-start=\"1454\" data-end=\"1472\">Eigenschaften:<\/strong> atmungsaktiv, schnelltrocknend<\/li>\n<li data-section-id=\"1srfo4n\" data-start=\"1506\" data-end=\"1541\"><strong data-start=\"1508\" data-end=\"1519\">Kragen:<\/strong> glatter Stoffkragen<\/li>\n<li data-section-id=\"42gjs\" data-start=\"1542\" data-end=\"1577\"><strong data-start=\"1544\" data-end=\"1559\">Verschluss:<\/strong> 3er Knopfleiste<\/li>\n<li data-section-id=\"8dyafi\" data-start=\"1578\" data-end=\"1657\"><strong data-start=\"1580\" data-end=\"1591\">Pflege:<\/strong> 40 \u00b0C waschbar, nicht trocknergeeignet, nicht chemisch reinigen<\/li>\n<\/ul>\n<hr data-start=\"1659\" data-end=\"1662\" \/>\n<h2 data-section-id=\"1synqje\" data-start=\"1664\" data-end=\"1686\">Verf\u00fcgbare Gr\u00f6\u00dfen<\/h2>\n<ul>\n<li>XS \u2013 S \u2013 M \u2013 L \u2013 XL \u2013 XXL \u2013 3XL<\/li>\n<\/ul>\n<hr data-start=\"1723\" data-end=\"1726\" \/>\n<h2 data-section-id=\"1kpbspd\" data-start=\"1728\" data-end=\"1750\">Verf\u00fcgbare Farben<\/h2>\n<ul data-start=\"1752\" data-end=\"1884\">\n<li data-section-id=\"88v3zm\" data-start=\"1752\" data-end=\"1765\">Aqua Blue<\/li>\n<li data-section-id=\"1ae7qjy\" data-start=\"1766\" data-end=\"1777\">\n<p data-start=\"1768\" data-end=\"1777\">Schwarz<\/p>\n<\/li>\n<li data-section-id=\"15aioug\" data-start=\"1788\" data-end=\"1804\">Grey Melange<\/li>\n<li data-section-id=\"hmm2f9\" data-start=\"1805\" data-end=\"1818\">Fine Grey<\/li>\n<\/ul>\n<hr data-start=\"1886\" data-end=\"1889\" \/>\n<h2 data-section-id=\"k3oa3k\" data-start=\"1891\" data-end=\"1916\">Perfekt geeignet f\u00fcr<\/h2>\n<ul data-start=\"1918\" data-end=\"2052\">\n<li data-section-id=\"v69g3g\" data-start=\"1918\" data-end=\"1942\">Reiter &amp; Stallarbeit<\/li>\n<li data-section-id=\"1ge78c7\" data-start=\"1943\" data-end=\"1966\">Ausritte &amp; Training<\/li>\n<li data-section-id=\"1boy4vj\" data-start=\"1967\" data-end=\"1997\">Turniere &amp; Veranstaltungen<\/li>\n<li data-section-id=\"1c3r5dz\" data-start=\"1998\" data-end=\"2019\">Freizeit &amp; Alltag<\/li>\n<li data-section-id=\"1f4jnms\" data-start=\"2020\" data-end=\"2052\">Geschenk f\u00fcr Pferdeliebhaber<\/li>\n<\/ul>\n","protected":false},"excerpt":{"rendered":"<p>Leichtes Herren Sportpolo mit <strong data-start=\"2993\" data-end=\"3023\">WR-Stickerei auf der Brust<\/strong>. <strong data-start=\"3025\" data-end=\"3080\">Atmungsaktiv, schnelltrocknend und ideal f\u00fcr Reiter<\/strong> \u2013 perfekt f\u00fcr Stall, Training und Freizeit.<\/p>\n","protected":false},"featured_media":496,"comment_status":"open","ping_status":"closed","template":"","meta":{"_uag_custom_page_level_css":"","site-sidebar-layout":"default","site-content-layout":"","ast-site-content-layout":"default","site-content-style":"default","site-sidebar-style":"default","ast-global-header-display":"","ast-banner-title-visibility":"","ast-main-header-display":"","ast-hfb-above-header-display":"","ast-hfb-below-header-display":"","ast-hfb-mobile-header-display":"","site-post-title":"","ast-breadcrumbs-content":"","ast-featured-img":"","footer-sml-layout":"","ast-disable-related-posts":"","theme-transparent-header-meta":"default","adv-header-id-meta":"","stick-header-meta":"","header-above-stick-meta":"","header-main-stick-meta":"","header-below-stick-meta":"","astra-migrate-meta-layouts":"set","ast-page-background-enabled":"default","ast-page-background-meta":{"desktop":{"background-color":"var(--ast-global-color-5)","background-image":"","background-repeat":"repeat","background-position":"center center","background-size":"auto","background-attachment":"scroll","background-type":"","background-media":"","overlay-type":"","overlay-color":"","overlay-opacity":"","overlay-gradient":""},"tablet":{"background-color":"","background-image":"","background-repeat":"repeat","background-position":"center center","background-size":"auto","background-attachment":"scroll","background-type":"","background-media":"","overlay-type":"","overlay-color":"","overlay-opacity":"","overlay-gradient":""},"mobile":{"background-color":"","background-image":"","background-repeat":"repeat","background-position":"center center","background-size":"auto","background-attachment":"scroll","background-type":"","background-media":"","overlay-type":"","overlay-color":"","overlay-opacity":"","overlay-gradient":""}},"ast-content-background-meta":{"desktop":{"background-color":"var(--ast-global-color-4)","background-image":"","background-repeat":"repeat","background-position":"center center","background-size":"auto","background-attachment":"scroll","background-type":"","background-media":"","overlay-type":"","overlay-color":"","overlay-opacity":"","overlay-gradient":""},"tablet":{"background-color":"var(--ast-global-color-4)","background-image":"","background-repeat":"repeat","background-position":"center center","background-size":"auto","background-attachment":"scroll","background-type":"","background-media":"","overlay-type":"","overlay-color":"","overlay-opacity":"","overlay-gradient":""},"mobile":{"background-color":"var(--ast-global-color-4)","background-image":"","background-repeat":"repeat","background-position":"center center","background-size":"auto","background-attachment":"scroll","background-type":"","background-media":"","overlay-type":"","overlay-color":"","overlay-opacity":"","overlay-gradient":""}}},"product_brand":[],"product_cat":[19,18],"product_tag":[],"class_list":{"0":"post-115","1":"product","2":"type-product","3":"status-publish","4":"has-post-thumbnail","6":"product_cat-bekleidung","7":"product_cat-herren","8":"desktop-align-left","9":"tablet-align-left","10":"mobile-align-left","12":"first","13":"instock","14":"taxable","15":"shipping-taxable","16":"purchasable","17":"product-type-variable"},"uagb_featured_image_src":{"full":["https:\/\/www.druck-und-stick.at\/rideyourlife\/wp-content\/uploads\/sites\/2\/2026\/04\/PA_482_1.jpg",420,540,false],"thumbnail":["https:\/\/www.druck-und-stick.at\/rideyourlife\/wp-content\/uploads\/sites\/2\/2026\/04\/PA_482_1-150x150.jpg",150,150,true],"medium":["https:\/\/www.druck-und-stick.at\/rideyourlife\/wp-content\/uploads\/sites\/2\/2026\/04\/PA_482_1-233x300.jpg",233,300,true],"medium_large":["https:\/\/www.druck-und-stick.at\/rideyourlife\/wp-content\/uploads\/sites\/2\/2026\/04\/PA_482_1.jpg",420,540,false],"large":["https:\/\/www.druck-und-stick.at\/rideyourlife\/wp-content\/uploads\/sites\/2\/2026\/04\/PA_482_1.jpg",420,540,false],"1536x1536":["https:\/\/www.druck-und-stick.at\/rideyourlife\/wp-content\/uploads\/sites\/2\/2026\/04\/PA_482_1.jpg",420,540,false],"2048x2048":["https:\/\/www.druck-und-stick.at\/rideyourlife\/wp-content\/uploads\/sites\/2\/2026\/04\/PA_482_1.jpg",420,540,false],"woocommerce_thumbnail":["https:\/\/www.druck-und-stick.at\/rideyourlife\/wp-content\/uploads\/sites\/2\/2026\/04\/PA_482_1-300x400.jpg",300,400,true],"woocommerce_single":["https:\/\/www.druck-und-stick.at\/rideyourlife\/wp-content\/uploads\/sites\/2\/2026\/04\/PA_482_1.jpg",420,540,false],"woocommerce_gallery_thumbnail":["https:\/\/www.druck-und-stick.at\/rideyourlife\/wp-content\/uploads\/sites\/2\/2026\/04\/PA_482_1-100x100.jpg",100,100,true]},"uagb_author_info":{"display_name":"design M.W GmbH","author_link":"https:\/\/www.druck-und-stick.at\/rideyourlife\/author\/"},"uagb_comment_info":0,"uagb_excerpt":"Leichtes Herren Sportpolo mit WR-Stickerei auf der Brust. Atmungsaktiv, schnelltrocknend und ideal f\u00fcr Reiter \u2013 perfekt f\u00fcr Stall, Training und Freizeit.","_links":{"self":[{"href":"https:\/\/www.druck-und-stick.at\/rideyourlife\/wp-json\/wp\/v2\/product\/115","targetHints":{"allow":["GET"]}}],"collection":[{"href":"https:\/\/www.druck-und-stick.at\/rideyourlife\/wp-json\/wp\/v2\/product"}],"about":[{"href":"https:\/\/www.druck-und-stick.at\/rideyourlife\/wp-json\/wp\/v2\/types\/product"}],"replies":[{"embeddable":true,"href":"https:\/\/www.druck-und-stick.at\/rideyourlife\/wp-json\/wp\/v2\/comments?post=115"}],"wp:featuredmedia":[{"embeddable":true,"href":"https:\/\/www.druck-und-stick.at\/rideyourlife\/wp-json\/wp\/v2\/media\/496"}],"wp:attachment":[{"href":"https:\/\/www.druck-und-stick.at\/rideyourlife\/wp-json\/wp\/v2\/media?parent=115"}],"wp:term":[{"taxonomy":"product_brand","embeddable":true,"href":"https:\/\/www.druck-und-stick.at\/rideyourlife\/wp-json\/wp\/v2\/product_brand?post=115"},{"taxonomy":"product_cat","embeddable":true,"href":"https:\/\/www.druck-und-stick.at\/rideyourlife\/wp-json\/wp\/v2\/product_cat?post=115"},{"taxonomy":"product_tag","embeddable":true,"href":"https:\/\/www.druck-und-stick.at\/rideyourlife\/wp-json\/wp\/v2\/product_tag?post=115"}],"curies":[{"name":"wp","href":"https:\/\/api.w.org\/{rel}","templated":true}]}}