{"id":122,"date":"2026-03-18T13:36:25","date_gmt":"2026-03-18T12:36:25","guid":{"rendered":"https:\/\/www.druck-und-stick.at\/rideyourlife\/?post_type=product&#038;p=122"},"modified":"2026-04-23T11:59:02","modified_gmt":"2026-04-23T09:59:02","slug":"mini-taschenschirm-fare-aoc-mit-ride-your-life-druck-dein-zuverlaessiger-begleiter-bei-jedem-wetter","status":"publish","type":"product","link":"https:\/\/www.druck-und-stick.at\/rideyourlife\/produkt\/mini-taschenschirm-fare-aoc-mit-ride-your-life-druck-dein-zuverlaessiger-begleiter-bei-jedem-wetter\/","title":{"rendered":"Mini-Taschenschirm"},"content":{"rendered":"<p>Bleib trocken \u2013 egal ob auf dem Reitplatz, beim Spaziergang mit deinem Pferd oder unterwegs! Der <strong data-start=\"815\" data-end=\"874\">Mini-Taschenschirm FARE\u00ae-AOC mit \u201eRide your life\u201c-Druck<\/strong> kombiniert zuverl\u00e4ssigen Regenschutz mit einem stylischen Statement f\u00fcr Pferdeliebhaber.<br \/>\nDer Schirm ist <strong data-start=\"982\" data-end=\"1003\">2-farbig bedruckt<\/strong> mit dem Schriftzug <strong data-start=\"1023\" data-end=\"1043\">\u201eRide your life\u201c<\/strong> auf <strong data-start=\"1048\" data-end=\"1085\">zwei gegen\u00fcberliegenden Segmenten<\/strong>, perfekt sichtbar beim Tragen. Dank der <strong data-start=\"1126\" data-end=\"1154\">Doppelautomatik-Funktion<\/strong> l\u00e4sst sich der Schirm schnell \u00f6ffnen und schlie\u00dfen, w\u00e4hrend das <strong data-start=\"1219\" data-end=\"1239\">Windproof-System<\/strong> selbst bei kr\u00e4ftigen B\u00f6en maximale Stabilit\u00e4t bietet.<br \/>\nDer <strong data-start=\"1301\" data-end=\"1321\">Soft-Touch-Griff<\/strong> sorgt f\u00fcr angenehmes Handling, die elastische Tragekordel erm\u00f6glicht komfortables Mitnehmen, und das Futteral sch\u00fctzt den Schirm unterwegs.<br \/>\nIdeal f\u00fcr <strong data-start=\"1475\" data-end=\"1516\">Reiterinnen, Reiter und Pferdefreunde<\/strong>, die Regen keine Chance geben wollen \u2013 und dabei Stil und Pers\u00f6nlichkeit zeigen m\u00f6chten.<\/p>\n<hr data-start=\"1609\" data-end=\"1612\" \/>\n<h4 data-start=\"1614\" data-end=\"1633\"><strong data-start=\"1619\" data-end=\"1633\">Highlights<\/strong><\/h4>\n<ul data-start=\"1634\" data-end=\"2031\">\n<li data-section-id=\"1ep4u93\" data-start=\"1634\" data-end=\"1702\">Komfortable <strong data-start=\"1648\" data-end=\"1667\">Doppelautomatik<\/strong> f\u00fcr schnelles \u00d6ffnen &amp; Schlie\u00dfen<\/li>\n<li data-section-id=\"10mi9rq\" data-start=\"1703\" data-end=\"1760\"><strong data-start=\"1705\" data-end=\"1725\">Windproof-System<\/strong> f\u00fcr maximale Stabilit\u00e4t bei Wind<\/li>\n<li data-section-id=\"vzwq8s\" data-start=\"1761\" data-end=\"1837\"><strong data-start=\"1763\" data-end=\"1800\">2-farbiger \u201eRide your life\u201c-Druck<\/strong> auf 2 gegen\u00fcberliegenden Segmenten<\/li>\n<li data-section-id=\"1hzarqh\" data-start=\"1838\" data-end=\"1885\">Soft-Touch-Griff mit silberner Ausl\u00f6setaste<\/li>\n<li data-section-id=\"19tll70\" data-start=\"1886\" data-end=\"1951\">Elastische Tragekordel und Werbefl\u00e4che f\u00fcr Individualisierung<\/li>\n<li data-section-id=\"1f4nuyh\" data-start=\"1952\" data-end=\"1991\">Futteral mit schwarzer Paspelierung<\/li>\n<li data-section-id=\"12ylua7\" data-start=\"1992\" data-end=\"2031\">Ideal f\u00fcr Sublimationsdruck in Wei\u00df<\/li>\n<\/ul>\n<hr data-start=\"2033\" data-end=\"2036\" \/>\n<h4 data-start=\"2038\" data-end=\"2065\"><strong data-start=\"2043\" data-end=\"2065\">Material &amp; Details<\/strong><\/h4>\n<ul data-start=\"2066\" data-end=\"2243\">\n<li data-section-id=\"15jcxi\" data-start=\"2066\" data-end=\"2091\">Bezug: 100% Polyester<\/li>\n<li data-section-id=\"okd1k7\" data-start=\"2092\" data-end=\"2126\">Schirmstock: verchromter Stahl<\/li>\n<li data-section-id=\"40c5kr\" data-start=\"2127\" data-end=\"2160\">Griff: Kunststoff, Soft-Touch<\/li>\n<li data-section-id=\"iysohu\" data-start=\"2161\" data-end=\"2205\">Zertifizierung: Faire Arbeitsbedingungen<\/li>\n<\/ul>\n<hr data-start=\"2245\" data-end=\"2248\" \/>\n<h4 data-start=\"2250\" data-end=\"2272\"><strong data-start=\"2255\" data-end=\"2272\">Gr\u00f6\u00dfen &amp; Ma\u00dfe<\/strong><\/h4>\n<ul data-start=\"2273\" data-end=\"2343\">\n<li data-section-id=\"1atwjnm\" data-start=\"2273\" data-end=\"2308\">Durchmesser ge\u00f6ffnet: ca. 97 cm<\/li>\n<li data-section-id=\"1es3hud\" data-start=\"2309\" data-end=\"2343\">L\u00e4nge geschlossen: ca. 28,5 cm<\/li>\n<\/ul>\n<hr data-start=\"2345\" data-end=\"2348\" \/>\n<h4 data-start=\"2350\" data-end=\"2376\"><strong data-start=\"2355\" data-end=\"2376\">Verf\u00fcgbare Farben<\/strong><\/h4>\n<ul>\n<li>Black<\/li>\n<\/ul>\n<hr data-start=\"2587\" data-end=\"2590\" \/>\n<h4 data-start=\"2592\" data-end=\"2621\"><strong data-start=\"2597\" data-end=\"2621\">Perfekt geeignet f\u00fcr<\/strong><\/h4>\n<ul data-start=\"2622\" data-end=\"2859\">\n<li data-section-id=\"1gkwwwb\" data-start=\"2622\" data-end=\"2664\">Reiterinnen &amp; Reiter auf dem Reitplatz<\/li>\n<li data-section-id=\"ihb1pp\" data-start=\"2665\" data-end=\"2715\">Pferdebesitzer bei Ausritten und Stallbesuchen<\/li>\n<li data-section-id=\"10981nz\" data-start=\"2716\" data-end=\"2758\">Outdoor-Fans &amp; Spazierg\u00e4nger bei Regen<\/li>\n<li data-section-id=\"9nxhz8\" data-start=\"2759\" data-end=\"2804\">Fans von individuellen Pferde-Accessoires<\/li>\n<\/ul>\n","protected":false},"excerpt":{"rendered":"<p>Kompakter Mini-Taschenschirm mit Doppelautomatik, Soft-Touch-Griff und 2-farbigem \u201eRide your life\u201c-Druck. Perfekt f\u00fcr Reiter und Pferdefreunde bei jedem Wetter.<\/p>\n","protected":false},"featured_media":123,"comment_status":"open","ping_status":"closed","template":"","meta":{"_uag_custom_page_level_css":"","site-sidebar-layout":"default","site-content-layout":"","ast-site-content-layout":"default","site-content-style":"default","site-sidebar-style":"default","ast-global-header-display":"","ast-banner-title-visibility":"","ast-main-header-display":"","ast-hfb-above-header-display":"","ast-hfb-below-header-display":"","ast-hfb-mobile-header-display":"","site-post-title":"","ast-breadcrumbs-content":"","ast-featured-img":"","footer-sml-layout":"","ast-disable-related-posts":"","theme-transparent-header-meta":"default","adv-header-id-meta":"","stick-header-meta":"","header-above-stick-meta":"","header-main-stick-meta":"","header-below-stick-meta":"","astra-migrate-meta-layouts":"set","ast-page-background-enabled":"default","ast-page-background-meta":{"desktop":{"background-color":"var(--ast-global-color-5)","background-image":"","background-repeat":"repeat","background-position":"center center","background-size":"auto","background-attachment":"scroll","background-type":"","background-media":"","overlay-type":"","overlay-color":"","overlay-opacity":"","overlay-gradient":""},"tablet":{"background-color":"","background-image":"","background-repeat":"repeat","background-position":"center center","background-size":"auto","background-attachment":"scroll","background-type":"","background-media":"","overlay-type":"","overlay-color":"","overlay-opacity":"","overlay-gradient":""},"mobile":{"background-color":"","background-image":"","background-repeat":"repeat","background-position":"center center","background-size":"auto","background-attachment":"scroll","background-type":"","background-media":"","overlay-type":"","overlay-color":"","overlay-opacity":"","overlay-gradient":""}},"ast-content-background-meta":{"desktop":{"background-color":"var(--ast-global-color-4)","background-image":"","background-repeat":"repeat","background-position":"center center","background-size":"auto","background-attachment":"scroll","background-type":"","background-media":"","overlay-type":"","overlay-color":"","overlay-opacity":"","overlay-gradient":""},"tablet":{"background-color":"var(--ast-global-color-4)","background-image":"","background-repeat":"repeat","background-position":"center center","background-size":"auto","background-attachment":"scroll","background-type":"","background-media":"","overlay-type":"","overlay-color":"","overlay-opacity":"","overlay-gradient":""},"mobile":{"background-color":"var(--ast-global-color-4)","background-image":"","background-repeat":"repeat","background-position":"center center","background-size":"auto","background-attachment":"scroll","background-type":"","background-media":"","overlay-type":"","overlay-color":"","overlay-opacity":"","overlay-gradient":""}}},"product_brand":[],"product_cat":[16],"product_tag":[],"class_list":{"0":"post-122","1":"product","2":"type-product","3":"status-publish","4":"has-post-thumbnail","6":"product_cat-accessoires","7":"desktop-align-left","8":"tablet-align-left","9":"mobile-align-left","11":"first","12":"instock","13":"taxable","14":"shipping-taxable","15":"purchasable","16":"product-type-simple"},"uagb_featured_image_src":{"full":["https:\/\/www.druck-und-stick.at\/rideyourlife\/wp-content\/uploads\/sites\/2\/2026\/03\/FA5460_1.jpg",420,540,false],"thumbnail":["https:\/\/www.druck-und-stick.at\/rideyourlife\/wp-content\/uploads\/sites\/2\/2026\/03\/FA5460_1-150x150.jpg",150,150,true],"medium":["https:\/\/www.druck-und-stick.at\/rideyourlife\/wp-content\/uploads\/sites\/2\/2026\/03\/FA5460_1-233x300.jpg",233,300,true],"medium_large":["https:\/\/www.druck-und-stick.at\/rideyourlife\/wp-content\/uploads\/sites\/2\/2026\/03\/FA5460_1.jpg",420,540,false],"large":["https:\/\/www.druck-und-stick.at\/rideyourlife\/wp-content\/uploads\/sites\/2\/2026\/03\/FA5460_1.jpg",420,540,false],"1536x1536":["https:\/\/www.druck-und-stick.at\/rideyourlife\/wp-content\/uploads\/sites\/2\/2026\/03\/FA5460_1.jpg",420,540,false],"2048x2048":["https:\/\/www.druck-und-stick.at\/rideyourlife\/wp-content\/uploads\/sites\/2\/2026\/03\/FA5460_1.jpg",420,540,false],"woocommerce_thumbnail":["https:\/\/www.druck-und-stick.at\/rideyourlife\/wp-content\/uploads\/sites\/2\/2026\/03\/FA5460_1-300x400.jpg",300,400,true],"woocommerce_single":["https:\/\/www.druck-und-stick.at\/rideyourlife\/wp-content\/uploads\/sites\/2\/2026\/03\/FA5460_1.jpg",420,540,false],"woocommerce_gallery_thumbnail":["https:\/\/www.druck-und-stick.at\/rideyourlife\/wp-content\/uploads\/sites\/2\/2026\/03\/FA5460_1-100x100.jpg",100,100,true]},"uagb_author_info":{"display_name":"design M.W GmbH","author_link":"https:\/\/www.druck-und-stick.at\/rideyourlife\/author\/"},"uagb_comment_info":0,"uagb_excerpt":"Kompakter Mini-Taschenschirm mit Doppelautomatik, Soft-Touch-Griff und 2-farbigem \u201eRide your life\u201c-Druck. Perfekt f\u00fcr Reiter und Pferdefreunde bei jedem Wetter.","_links":{"self":[{"href":"https:\/\/www.druck-und-stick.at\/rideyourlife\/wp-json\/wp\/v2\/product\/122","targetHints":{"allow":["GET"]}}],"collection":[{"href":"https:\/\/www.druck-und-stick.at\/rideyourlife\/wp-json\/wp\/v2\/product"}],"about":[{"href":"https:\/\/www.druck-und-stick.at\/rideyourlife\/wp-json\/wp\/v2\/types\/product"}],"replies":[{"embeddable":true,"href":"https:\/\/www.druck-und-stick.at\/rideyourlife\/wp-json\/wp\/v2\/comments?post=122"}],"wp:featuredmedia":[{"embeddable":true,"href":"https:\/\/www.druck-und-stick.at\/rideyourlife\/wp-json\/wp\/v2\/media\/123"}],"wp:attachment":[{"href":"https:\/\/www.druck-und-stick.at\/rideyourlife\/wp-json\/wp\/v2\/media?parent=122"}],"wp:term":[{"taxonomy":"product_brand","embeddable":true,"href":"https:\/\/www.druck-und-stick.at\/rideyourlife\/wp-json\/wp\/v2\/product_brand?post=122"},{"taxonomy":"product_cat","embeddable":true,"href":"https:\/\/www.druck-und-stick.at\/rideyourlife\/wp-json\/wp\/v2\/product_cat?post=122"},{"taxonomy":"product_tag","embeddable":true,"href":"https:\/\/www.druck-und-stick.at\/rideyourlife\/wp-json\/wp\/v2\/product_tag?post=122"}],"curies":[{"name":"wp","href":"https:\/\/api.w.org\/{rel}","templated":true}]}}