{"id":51,"date":"2026-03-13T14:15:33","date_gmt":"2026-03-13T13:15:33","guid":{"rendered":"https:\/\/www.druck-und-stick.at\/rideyourlife\/?post_type=product&#038;p=51"},"modified":"2026-04-23T12:07:37","modified_gmt":"2026-04-23T10:07:37","slug":"sols-womens-softshell-zip-jacket-race-mit-wr-stickerei-die-perfekte-jacke-fuer-pferdeliebhaberinnen","status":"publish","type":"product","link":"https:\/\/www.druck-und-stick.at\/rideyourlife\/produkt\/sols-womens-softshell-zip-jacket-race-mit-wr-stickerei-die-perfekte-jacke-fuer-pferdeliebhaberinnen\/","title":{"rendered":"Damen Softshelljacke"},"content":{"rendered":"<p>Erleben Sie h\u00f6chsten Tragekomfort und stylisches Design mit der <strong data-start=\"319\" data-end=\"362\">SOL\u2019S Women\u2019s Softshell Zip Jacket Race<\/strong>. Diese Softshelljacke ist ideal f\u00fcr aktive Pferdefreundinnen, die Funktionalit\u00e4t, Bewegungsfreiheit und modischen Look verbinden m\u00f6chten.<\/p>\n<hr data-start=\"1532\" data-end=\"1535\" \/>\n<h3 data-section-id=\"1q8r1vu\" data-start=\"504\" data-end=\"529\">Highlights der Jacke:<\/h3>\n<ul>\n<li style=\"list-style-type: none;\">\n<ul>\n<li data-section-id=\"11670m8\" data-start=\"563\" data-end=\"664\"><strong data-start=\"568\" data-end=\"607\">Stickerei\u00a0 auf der Brust links<\/strong>: Hochwertige, langlebige Stickerei \u201eWR\u201c f\u00fcr Pferdefans<\/li>\n<li data-section-id=\"ybq1m0\" data-start=\"665\" data-end=\"729\"><strong data-start=\"665\" data-end=\"702\">Stickerei auf den R\u00fccken:<\/strong> Feine, langlebige Stickerei, F\u00fcr einen sportlich-eleganten Look.<\/li>\n<li data-section-id=\"u6orda\" data-start=\"730\" data-end=\"826\"><strong data-start=\"735\" data-end=\"769\">2 Rei\u00dfverschluss-Seitentaschen<\/strong>: Sicherer Stauraum f\u00fcr Handy, Schl\u00fcssel oder Leckerlis<\/li>\n<li data-section-id=\"17gjwvg\" data-start=\"827\" data-end=\"941\"><strong data-start=\"835\" data-end=\"847\">Material<\/strong>: 2-lagig, 96\u202f% Polyester \/ 4\u202f% Elasthan, 280\u202fg\/m\u00b2 \u2013 wind- und wasserabweisend, atmungsaktiv<\/li>\n<li data-section-id=\"xrewyr\" data-start=\"942\" data-end=\"1034\"><strong data-start=\"947\" data-end=\"969\">Vegan &amp; nachhaltig<\/strong>: OEKO-TEX\u00ae STANDARD 100 zertifiziert, faire Arbeitsbedingungen<\/li>\n<li data-section-id=\"wtojwo\" data-start=\"1035\" data-end=\"1097\"><strong data-start=\"1040\" data-end=\"1056\">Pflegeleicht<\/strong>: Maschinenwaschbar bei 40\u202f\u00b0C, b\u00fcgelbar<\/li>\n<li data-section-id=\"6bn9lc\" data-start=\"1098\" data-end=\"1178\"><strong data-start=\"1103\" data-end=\"1125\">Passform &amp; Komfort<\/strong>: Regular Fit, Set-In-\u00c4rmel, Stehkragen ohne Kapuze<\/li>\n<\/ul>\n<\/li>\n<\/ul>\n<hr data-start=\"1532\" data-end=\"1535\" \/>\n<h3 data-section-id=\"a11voo\" data-start=\"1228\" data-end=\"1250\">Verf\u00fcgbare Farben:<\/h3>\n<ul data-start=\"1251\" data-end=\"1315\">\n<li data-section-id=\"t3dqof\" data-start=\"1260\" data-end=\"1269\">Black<\/li>\n<li data-section-id=\"2oqtz3\" data-start=\"1301\" data-end=\"1315\">Royal Blue<\/li>\n<\/ul>\n<hr data-start=\"1532\" data-end=\"1535\" \/>\n<h3 data-section-id=\"1e8v5xn\" data-start=\"1317\" data-end=\"1328\">Gr\u00f6\u00dfen:<\/h3>\n<p>S, M, L, XL, XXL<\/p>\n<hr data-start=\"1532\" data-end=\"1535\" \/>\n<h3 data-section-id=\"1quc5zj\" data-start=\"1349\" data-end=\"1365\">Perfekt f\u00fcr:<\/h3>\n<ul data-start=\"1366\" data-end=\"1548\">\n<li data-section-id=\"1rcbpvk\" data-start=\"1366\" data-end=\"1435\">Reiterinnen, die bei jedem Wetter stilvoll unterwegs sein m\u00f6chten<\/li>\n<li data-section-id=\"1tes3tz\" data-start=\"1436\" data-end=\"1475\">Pferdemessen, Turniere und Ausritte<\/li>\n<li data-section-id=\"1xmv5zb\" data-start=\"1476\" data-end=\"1548\">Alle, die Wert auf nachhaltige und hochwertige Sportbekleidung legen<\/li>\n<\/ul>\n<p>Mit dieser <strong data-start=\"1561\" data-end=\"1585\">Softshelljacke <\/strong>kombinieren Sie sportliche Eleganz mit maximalem Komfort \u2013 ein Must-have f\u00fcr jede Pferdeliebhaberin!<\/p>\n","protected":false},"excerpt":{"rendered":"<p>Die <strong data-start=\"1668\" data-end=\"1704\">Softshelljacke Zip Jacket Race<\/strong> von SOL\u2019S \u00fcberzeugt mit hochwertiger <strong data-start=\"1742\" data-end=\"1761\">Stickerei<\/strong>, praktischem Design und optimaler Bewegungsfreiheit. Ideal als <strong data-start=\"1825\" data-end=\"1854\">Reitjacke<\/strong>, Turnierjacke oder Freizeitjacke f\u00fcr Pferdeliebhaberinnen.<\/p>\n","protected":false},"featured_media":54,"comment_status":"open","ping_status":"closed","template":"","meta":{"_uag_custom_page_level_css":"","site-sidebar-layout":"default","site-content-layout":"","ast-site-content-layout":"default","site-content-style":"default","site-sidebar-style":"default","ast-global-header-display":"","ast-banner-title-visibility":"","ast-main-header-display":"","ast-hfb-above-header-display":"","ast-hfb-below-header-display":"","ast-hfb-mobile-header-display":"","site-post-title":"","ast-breadcrumbs-content":"","ast-featured-img":"","footer-sml-layout":"","ast-disable-related-posts":"","theme-transparent-header-meta":"default","adv-header-id-meta":"","stick-header-meta":"","header-above-stick-meta":"","header-main-stick-meta":"","header-below-stick-meta":"","astra-migrate-meta-layouts":"set","ast-page-background-enabled":"default","ast-page-background-meta":{"desktop":{"background-color":"var(--ast-global-color-5)","background-image":"","background-repeat":"repeat","background-position":"center center","background-size":"auto","background-attachment":"scroll","background-type":"","background-media":"","overlay-type":"","overlay-color":"","overlay-opacity":"","overlay-gradient":""},"tablet":{"background-color":"","background-image":"","background-repeat":"repeat","background-position":"center center","background-size":"auto","background-attachment":"scroll","background-type":"","background-media":"","overlay-type":"","overlay-color":"","overlay-opacity":"","overlay-gradient":""},"mobile":{"background-color":"","background-image":"","background-repeat":"repeat","background-position":"center center","background-size":"auto","background-attachment":"scroll","background-type":"","background-media":"","overlay-type":"","overlay-color":"","overlay-opacity":"","overlay-gradient":""}},"ast-content-background-meta":{"desktop":{"background-color":"var(--ast-global-color-4)","background-image":"","background-repeat":"repeat","background-position":"center center","background-size":"auto","background-attachment":"scroll","background-type":"","background-media":"","overlay-type":"","overlay-color":"","overlay-opacity":"","overlay-gradient":""},"tablet":{"background-color":"var(--ast-global-color-4)","background-image":"","background-repeat":"repeat","background-position":"center center","background-size":"auto","background-attachment":"scroll","background-type":"","background-media":"","overlay-type":"","overlay-color":"","overlay-opacity":"","overlay-gradient":""},"mobile":{"background-color":"var(--ast-global-color-4)","background-image":"","background-repeat":"repeat","background-position":"center center","background-size":"auto","background-attachment":"scroll","background-type":"","background-media":"","overlay-type":"","overlay-color":"","overlay-opacity":"","overlay-gradient":""}}},"product_brand":[],"product_cat":[19,17],"product_tag":[],"class_list":{"0":"post-51","1":"product","2":"type-product","3":"status-publish","4":"has-post-thumbnail","6":"product_cat-bekleidung","7":"product_cat-damen","8":"desktop-align-left","9":"tablet-align-left","10":"mobile-align-left","12":"first","13":"instock","14":"taxable","15":"shipping-taxable","16":"purchasable","17":"product-type-variable"},"uagb_featured_image_src":{"full":["https:\/\/www.druck-und-stick.at\/rideyourlife\/wp-content\/uploads\/sites\/2\/2026\/03\/L838_1.jpg",420,540,false],"thumbnail":["https:\/\/www.druck-und-stick.at\/rideyourlife\/wp-content\/uploads\/sites\/2\/2026\/03\/L838_1-150x150.jpg",150,150,true],"medium":["https:\/\/www.druck-und-stick.at\/rideyourlife\/wp-content\/uploads\/sites\/2\/2026\/03\/L838_1-233x300.jpg",233,300,true],"medium_large":["https:\/\/www.druck-und-stick.at\/rideyourlife\/wp-content\/uploads\/sites\/2\/2026\/03\/L838_1.jpg",420,540,false],"large":["https:\/\/www.druck-und-stick.at\/rideyourlife\/wp-content\/uploads\/sites\/2\/2026\/03\/L838_1.jpg",420,540,false],"1536x1536":["https:\/\/www.druck-und-stick.at\/rideyourlife\/wp-content\/uploads\/sites\/2\/2026\/03\/L838_1.jpg",420,540,false],"2048x2048":["https:\/\/www.druck-und-stick.at\/rideyourlife\/wp-content\/uploads\/sites\/2\/2026\/03\/L838_1.jpg",420,540,false],"woocommerce_thumbnail":["https:\/\/www.druck-und-stick.at\/rideyourlife\/wp-content\/uploads\/sites\/2\/2026\/03\/L838_1-300x400.jpg",300,400,true],"woocommerce_single":["https:\/\/www.druck-und-stick.at\/rideyourlife\/wp-content\/uploads\/sites\/2\/2026\/03\/L838_1.jpg",420,540,false],"woocommerce_gallery_thumbnail":["https:\/\/www.druck-und-stick.at\/rideyourlife\/wp-content\/uploads\/sites\/2\/2026\/03\/L838_1-100x100.jpg",100,100,true]},"uagb_author_info":{"display_name":"design M.W GmbH","author_link":"https:\/\/www.druck-und-stick.at\/rideyourlife\/author\/"},"uagb_comment_info":0,"uagb_excerpt":"Die Softshelljacke Zip Jacket Race von SOL\u2019S \u00fcberzeugt mit hochwertiger Stickerei, praktischem Design und optimaler Bewegungsfreiheit. Ideal als Reitjacke, Turnierjacke oder Freizeitjacke f\u00fcr Pferdeliebhaberinnen.","_links":{"self":[{"href":"https:\/\/www.druck-und-stick.at\/rideyourlife\/wp-json\/wp\/v2\/product\/51","targetHints":{"allow":["GET"]}}],"collection":[{"href":"https:\/\/www.druck-und-stick.at\/rideyourlife\/wp-json\/wp\/v2\/product"}],"about":[{"href":"https:\/\/www.druck-und-stick.at\/rideyourlife\/wp-json\/wp\/v2\/types\/product"}],"replies":[{"embeddable":true,"href":"https:\/\/www.druck-und-stick.at\/rideyourlife\/wp-json\/wp\/v2\/comments?post=51"}],"wp:featuredmedia":[{"embeddable":true,"href":"https:\/\/www.druck-und-stick.at\/rideyourlife\/wp-json\/wp\/v2\/media\/54"}],"wp:attachment":[{"href":"https:\/\/www.druck-und-stick.at\/rideyourlife\/wp-json\/wp\/v2\/media?parent=51"}],"wp:term":[{"taxonomy":"product_brand","embeddable":true,"href":"https:\/\/www.druck-und-stick.at\/rideyourlife\/wp-json\/wp\/v2\/product_brand?post=51"},{"taxonomy":"product_cat","embeddable":true,"href":"https:\/\/www.druck-und-stick.at\/rideyourlife\/wp-json\/wp\/v2\/product_cat?post=51"},{"taxonomy":"product_tag","embeddable":true,"href":"https:\/\/www.druck-und-stick.at\/rideyourlife\/wp-json\/wp\/v2\/product_tag?post=51"}],"curies":[{"name":"wp","href":"https:\/\/api.w.org\/{rel}","templated":true}]}}