{"id":61,"date":"2026-03-13T14:44:28","date_gmt":"2026-03-13T13:44:28","guid":{"rendered":"https:\/\/www.druck-und-stick.at\/rideyourlife\/?post_type=product&#038;p=61"},"modified":"2026-04-23T12:06:55","modified_gmt":"2026-04-23T10:06:55","slug":"damen-daunenjacke-mit-wr-stickerei-stylisch-waermend-fuer-reiterinnen","status":"publish","type":"product","link":"https:\/\/www.druck-und-stick.at\/rideyourlife\/produkt\/damen-daunenjacke-mit-wr-stickerei-stylisch-waermend-fuer-reiterinnen\/","title":{"rendered":"Damen Daunenjacke"},"content":{"rendered":"<p>Diese <strong data-start=\"337\" data-end=\"406\">Damen Daunenjacke mit hochwertiger Stickerei auf der linken Brust<\/strong> und R\u00fccken verbindet <strong data-start=\"417\" data-end=\"447\">sportlich-elegantes Design<\/strong> mit <strong data-start=\"452\" data-end=\"474\">funktionaler W\u00e4rme<\/strong>. Perfekt f\u00fcr Pferdeliebhaberinnen, die auch an k\u00fchleren Tagen <strong data-start=\"537\" data-end=\"592\">aktiv im Stall, beim Ausreiten oder in der Freizeit<\/strong> unterwegs sind.<br \/>\nDas <strong data-start=\"616\" data-end=\"662\">leicht wind- und wasserabweisende Material<\/strong> sch\u00fctzt zuverl\u00e4ssig vor Wind und Wetter, w\u00e4hrend die <strong data-start=\"716\" data-end=\"758\">Daunenf\u00fcllung (90% Daunen, 10% Federn)<\/strong> f\u00fcr angenehme W\u00e4rme sorgt. Der <strong data-start=\"790\" data-end=\"812\">taillierte Schnitt<\/strong> sorgt f\u00fcr eine feminine Passform und maximale Bewegungsfreiheit.<br \/>\nDie <strong data-start=\"885\" data-end=\"966\">hochwertige Stickerei auf der Brust sowie der gr\u00fcn-wei\u00dfe Schriftzug am R\u00fccken<\/strong> machen die Jacke zu einem besonderen Highlight f\u00fcr alle Pferdefans.<\/p>\n<hr data-start=\"1038\" data-end=\"1041\" \/>\n<h2 data-section-id=\"1wf6jk6\" data-start=\"1043\" data-end=\"1058\">Highlights<\/h2>\n<ul>\n<li data-start=\"1060\" data-end=\"1530\"><strong data-start=\"1063\" data-end=\"1104\">WR-Stickerei auf der linken Brust<\/strong><\/li>\n<li data-start=\"1060\" data-end=\"1530\">Logo <strong data-start=\"1109\" data-end=\"1148\">Schriftzug am R\u00fccken in gr\u00fcn + wei\u00df<\/strong><\/li>\n<li data-start=\"1060\" data-end=\"1530\"><strong data-start=\"1154\" data-end=\"1205\">Leichte Daunenf\u00fcllung \u2013 warm ohne zu beschweren<\/strong><\/li>\n<li data-start=\"1060\" data-end=\"1530\"><strong data-start=\"1211\" data-end=\"1251\">Wind- und wasserabweisendes Material<\/strong><\/li>\n<li data-start=\"1060\" data-end=\"1530\"><strong data-start=\"1257\" data-end=\"1308\">Taillierter Damen-Schnitt f\u00fcr optimale Passform<\/strong><\/li>\n<li data-start=\"1060\" data-end=\"1530\"><strong data-start=\"1314\" data-end=\"1355\">Zwei Seitentaschen mit Rei\u00dfverschluss<\/strong><\/li>\n<li data-start=\"1060\" data-end=\"1530\"><strong data-start=\"1361\" data-end=\"1434\">Kontrastfarben bei Innenfutter, Rei\u00dfverschl\u00fcssen, \u00c4rmeln und B\u00fcndchen<\/strong><\/li>\n<li data-start=\"1060\" data-end=\"1530\"><strong data-start=\"1440\" data-end=\"1528\">Pflegeleicht \u2013 30\u00b0 waschbar, trocknergeeignet bei niedriger Temperatur, nicht b\u00fcgeln<\/strong><\/li>\n<\/ul>\n<hr data-start=\"1532\" data-end=\"1535\" \/>\n<h2 data-section-id=\"18zf48a\" data-start=\"1537\" data-end=\"1560\">Material &amp; Details<\/h2>\n<ul data-start=\"1562\" data-end=\"1924\">\n<li data-section-id=\"dxjn33\" data-start=\"1562\" data-end=\"1595\"><strong data-start=\"1564\" data-end=\"1578\">Oberstoff:<\/strong> 100 % Polyamid<\/li>\n<li data-section-id=\"ijt7ex\" data-start=\"1596\" data-end=\"1626\"><strong data-start=\"1598\" data-end=\"1609\">Futter:<\/strong> 100 % Polyamid<\/li>\n<li data-section-id=\"1sb3oa1\" data-start=\"1627\" data-end=\"1671\"><strong data-start=\"1629\" data-end=\"1644\">Wattierung:<\/strong> 90 % Daunen, 10 % Federn<\/li>\n<li data-section-id=\"naudq0\" data-start=\"1672\" data-end=\"1733\"><strong data-start=\"1674\" data-end=\"1692\">Eigenschaften:<\/strong> leicht, windabweisend, wasserabweisend<\/li>\n<li data-section-id=\"1lrg1wx\" data-start=\"1734\" data-end=\"1785\"><strong data-start=\"1736\" data-end=\"1748\">Taschen:<\/strong> 2 Seitentaschen mit Rei\u00dfverschluss<\/li>\n<li data-section-id=\"1f5jkp2\" data-start=\"1786\" data-end=\"1880\"><strong data-start=\"1788\" data-end=\"1799\">Design:<\/strong> Kontrastfarben am Innenfutter, Rei\u00dfverschl\u00fcssen, \u00c4rmelabschl\u00fcssen und B\u00fcndchen<\/li>\n<li data-section-id=\"u0fjph\" data-start=\"1881\" data-end=\"1924\"><strong data-start=\"1883\" data-end=\"1896\">Passform:<\/strong> taillierter Damen-Schnitt<\/li>\n<\/ul>\n<hr data-start=\"1926\" data-end=\"1929\" \/>\n<h2 data-section-id=\"1synqje\" data-start=\"1931\" data-end=\"1953\">Verf\u00fcgbare Gr\u00f6\u00dfen<\/h2>\n<p>S \u2013 M \u2013 L \u2013 XL \u2013 XXL<\/p>\n<hr data-start=\"1979\" data-end=\"1982\" \/>\n<h2 data-section-id=\"1kpbspd\" data-start=\"1984\" data-end=\"2006\">Verf\u00fcgbare Farben<\/h2>\n<ul data-start=\"2008\" data-end=\"2113\">\n<li data-section-id=\"1isyuhw\" data-start=\"2027\" data-end=\"2048\">Graphite \/ Silver<\/li>\n<\/ul>\n<hr data-start=\"2115\" data-end=\"2118\" \/>\n<h2 data-section-id=\"k3oa3k\" data-start=\"2120\" data-end=\"2145\">Perfekt geeignet f\u00fcr<\/h2>\n<ul data-start=\"2147\" data-end=\"2291\">\n<li data-section-id=\"5yu2u6\" data-start=\"2147\" data-end=\"2176\">Reiterinnen &amp; Stallarbeit<\/li>\n<li data-section-id=\"1do68kn\" data-start=\"2177\" data-end=\"2218\">Ausritte &amp; Spazierg\u00e4nge mit dem Pferd<\/li>\n<li data-section-id=\"1yzcbtw\" data-start=\"2219\" data-end=\"2237\">Turnierbesuche<\/li>\n<li data-section-id=\"nw508c\" data-start=\"2238\" data-end=\"2260\">Freizeit &amp; Outdoor<\/li>\n<li data-section-id=\"pemii9\" data-start=\"2261\" data-end=\"2291\">Geschenk f\u00fcr Pferdefreunde<\/li>\n<\/ul>\n<p><strong data-start=\"2296\" data-end=\"2333\">SALE \u2013 Solange der Vorrat reicht!<\/strong><\/p>\n","protected":false},"excerpt":{"rendered":"<p>Stylische Damen Daunenjacke mit WR-Stickerei auf der Brust und Schriftzug am R\u00fccken. Wind- und wasserabweisend \u2013 ideal f\u00fcr Reiterinnen, Stall und Freizeit.<\/p>\n","protected":false},"featured_media":63,"comment_status":"open","ping_status":"closed","template":"","meta":{"_uag_custom_page_level_css":"","site-sidebar-layout":"default","site-content-layout":"","ast-site-content-layout":"default","site-content-style":"default","site-sidebar-style":"default","ast-global-header-display":"","ast-banner-title-visibility":"","ast-main-header-display":"","ast-hfb-above-header-display":"","ast-hfb-below-header-display":"","ast-hfb-mobile-header-display":"","site-post-title":"","ast-breadcrumbs-content":"","ast-featured-img":"","footer-sml-layout":"","ast-disable-related-posts":"","theme-transparent-header-meta":"default","adv-header-id-meta":"","stick-header-meta":"","header-above-stick-meta":"","header-main-stick-meta":"","header-below-stick-meta":"","astra-migrate-meta-layouts":"set","ast-page-background-enabled":"default","ast-page-background-meta":{"desktop":{"background-color":"var(--ast-global-color-5)","background-image":"","background-repeat":"repeat","background-position":"center center","background-size":"auto","background-attachment":"scroll","background-type":"","background-media":"","overlay-type":"","overlay-color":"","overlay-opacity":"","overlay-gradient":""},"tablet":{"background-color":"","background-image":"","background-repeat":"repeat","background-position":"center center","background-size":"auto","background-attachment":"scroll","background-type":"","background-media":"","overlay-type":"","overlay-color":"","overlay-opacity":"","overlay-gradient":""},"mobile":{"background-color":"","background-image":"","background-repeat":"repeat","background-position":"center center","background-size":"auto","background-attachment":"scroll","background-type":"","background-media":"","overlay-type":"","overlay-color":"","overlay-opacity":"","overlay-gradient":""}},"ast-content-background-meta":{"desktop":{"background-color":"var(--ast-global-color-4)","background-image":"","background-repeat":"repeat","background-position":"center center","background-size":"auto","background-attachment":"scroll","background-type":"","background-media":"","overlay-type":"","overlay-color":"","overlay-opacity":"","overlay-gradient":""},"tablet":{"background-color":"var(--ast-global-color-4)","background-image":"","background-repeat":"repeat","background-position":"center center","background-size":"auto","background-attachment":"scroll","background-type":"","background-media":"","overlay-type":"","overlay-color":"","overlay-opacity":"","overlay-gradient":""},"mobile":{"background-color":"var(--ast-global-color-4)","background-image":"","background-repeat":"repeat","background-position":"center center","background-size":"auto","background-attachment":"scroll","background-type":"","background-media":"","overlay-type":"","overlay-color":"","overlay-opacity":"","overlay-gradient":""}}},"product_brand":[],"product_cat":[19,17],"product_tag":[],"class_list":{"0":"post-61","1":"product","2":"type-product","3":"status-publish","4":"has-post-thumbnail","6":"product_cat-bekleidung","7":"product_cat-damen","8":"desktop-align-left","9":"tablet-align-left","10":"mobile-align-left","12":"first","13":"instock","14":"taxable","15":"shipping-taxable","16":"purchasable","17":"product-type-variable"},"uagb_featured_image_src":{"full":["https:\/\/www.druck-und-stick.at\/rideyourlife\/wp-content\/uploads\/sites\/2\/2026\/03\/JN1139_1.jpg",420,540,false],"thumbnail":["https:\/\/www.druck-und-stick.at\/rideyourlife\/wp-content\/uploads\/sites\/2\/2026\/03\/JN1139_1-150x150.jpg",150,150,true],"medium":["https:\/\/www.druck-und-stick.at\/rideyourlife\/wp-content\/uploads\/sites\/2\/2026\/03\/JN1139_1-233x300.jpg",233,300,true],"medium_large":["https:\/\/www.druck-und-stick.at\/rideyourlife\/wp-content\/uploads\/sites\/2\/2026\/03\/JN1139_1.jpg",420,540,false],"large":["https:\/\/www.druck-und-stick.at\/rideyourlife\/wp-content\/uploads\/sites\/2\/2026\/03\/JN1139_1.jpg",420,540,false],"1536x1536":["https:\/\/www.druck-und-stick.at\/rideyourlife\/wp-content\/uploads\/sites\/2\/2026\/03\/JN1139_1.jpg",420,540,false],"2048x2048":["https:\/\/www.druck-und-stick.at\/rideyourlife\/wp-content\/uploads\/sites\/2\/2026\/03\/JN1139_1.jpg",420,540,false],"woocommerce_thumbnail":["https:\/\/www.druck-und-stick.at\/rideyourlife\/wp-content\/uploads\/sites\/2\/2026\/03\/JN1139_1-300x400.jpg",300,400,true],"woocommerce_single":["https:\/\/www.druck-und-stick.at\/rideyourlife\/wp-content\/uploads\/sites\/2\/2026\/03\/JN1139_1.jpg",420,540,false],"woocommerce_gallery_thumbnail":["https:\/\/www.druck-und-stick.at\/rideyourlife\/wp-content\/uploads\/sites\/2\/2026\/03\/JN1139_1-100x100.jpg",100,100,true]},"uagb_author_info":{"display_name":"design M.W GmbH","author_link":"https:\/\/www.druck-und-stick.at\/rideyourlife\/author\/"},"uagb_comment_info":0,"uagb_excerpt":"Stylische Damen Daunenjacke mit WR-Stickerei auf der Brust und Schriftzug am R\u00fccken. Wind- und wasserabweisend \u2013 ideal f\u00fcr Reiterinnen, Stall und Freizeit.","_links":{"self":[{"href":"https:\/\/www.druck-und-stick.at\/rideyourlife\/wp-json\/wp\/v2\/product\/61","targetHints":{"allow":["GET"]}}],"collection":[{"href":"https:\/\/www.druck-und-stick.at\/rideyourlife\/wp-json\/wp\/v2\/product"}],"about":[{"href":"https:\/\/www.druck-und-stick.at\/rideyourlife\/wp-json\/wp\/v2\/types\/product"}],"replies":[{"embeddable":true,"href":"https:\/\/www.druck-und-stick.at\/rideyourlife\/wp-json\/wp\/v2\/comments?post=61"}],"wp:featuredmedia":[{"embeddable":true,"href":"https:\/\/www.druck-und-stick.at\/rideyourlife\/wp-json\/wp\/v2\/media\/63"}],"wp:attachment":[{"href":"https:\/\/www.druck-und-stick.at\/rideyourlife\/wp-json\/wp\/v2\/media?parent=61"}],"wp:term":[{"taxonomy":"product_brand","embeddable":true,"href":"https:\/\/www.druck-und-stick.at\/rideyourlife\/wp-json\/wp\/v2\/product_brand?post=61"},{"taxonomy":"product_cat","embeddable":true,"href":"https:\/\/www.druck-und-stick.at\/rideyourlife\/wp-json\/wp\/v2\/product_cat?post=61"},{"taxonomy":"product_tag","embeddable":true,"href":"https:\/\/www.druck-und-stick.at\/rideyourlife\/wp-json\/wp\/v2\/product_tag?post=61"}],"curies":[{"name":"wp","href":"https:\/\/api.w.org\/{rel}","templated":true}]}}