{"id":74,"date":"2026-03-13T16:10:23","date_gmt":"2026-03-13T15:10:23","guid":{"rendered":"https:\/\/www.druck-und-stick.at\/rideyourlife\/?post_type=product&#038;p=74"},"modified":"2026-04-23T12:05:34","modified_gmt":"2026-04-23T10:05:34","slug":"damen-sport-tanktop-mit-ride-your-life-stickerei-leicht-atmungsaktiv-sportlich","status":"publish","type":"product","link":"https:\/\/www.druck-und-stick.at\/rideyourlife\/produkt\/damen-sport-tanktop-mit-ride-your-life-stickerei-leicht-atmungsaktiv-sportlich\/","title":{"rendered":"Damen Sport Tanktop"},"content":{"rendered":"<p>Dieses <strong data-start=\"337\" data-end=\"425\">Damen Sport Tanktop mit hochwertiger \u201eRide your Life\u201c-Stickerei auf der linken Brust<\/strong> ist der perfekte Begleiter f\u00fcr alle <strong data-start=\"462\" data-end=\"484\">aktiven Pferdefans<\/strong>. Ob beim <strong data-start=\"494\" data-end=\"530\">Reiten, im Stall oder beim Sport<\/strong>, das leichte und schnelltrocknende Material sorgt f\u00fcr <strong data-start=\"585\" data-end=\"610\">h\u00f6chsten Tragekomfort<\/strong> und optimale Bewegungsfreiheit.<br \/>\nDer <strong data-start=\"650\" data-end=\"689\">taillierte Schnitt mit Ringerr\u00fccken<\/strong> betont die feminine Silhouette, w\u00e4hrend die <strong data-start=\"734\" data-end=\"787\">schmale Einfassung an Rundhals- und Armausschnitt<\/strong> einen sportlich-eleganten Look garantiert. Die <strong data-start=\"835\" data-end=\"873\">hochwertige Stickerei in gr\u00fcn-wei\u00df<\/strong> macht das Tanktop zu einem besonderen Hingucker f\u00fcr Pferdeliebhaberinnen.<\/p>\n<hr data-start=\"951\" data-end=\"954\" \/>\n<h2 data-section-id=\"1wf6jk6\" data-start=\"956\" data-end=\"971\">Highlights<\/h2>\n<ul>\n<li data-start=\"973\" data-end=\"1352\"><strong data-start=\"976\" data-end=\"1027\">Stickerei \u201eRide your Life\u201c auf der linken Brust<\/strong><\/li>\n<li data-start=\"973\" data-end=\"1352\"><strong data-start=\"1033\" data-end=\"1082\">Schnelltrocknendes Bird Eye Funktionsmaterial<\/strong><\/li>\n<li data-start=\"973\" data-end=\"1352\"><strong data-start=\"1088\" data-end=\"1159\">Taillierter Schnitt mit Ringerr\u00fccken f\u00fcr optimale Bewegungsfreiheit<\/strong><\/li>\n<li data-start=\"973\" data-end=\"1352\"><strong data-start=\"1165\" data-end=\"1214\">Schmale Einfassung an Hals- und Armausschnitt<\/strong><\/li>\n<li data-start=\"973\" data-end=\"1352\"><strong data-start=\"1220\" data-end=\"1306\">Pflegeleicht \u2013 waschbar bei 40 \u00b0C, nicht trocknergeeignet, nicht chemisch reinigen<\/strong><\/li>\n<li data-start=\"973\" data-end=\"1352\"><strong data-start=\"1311\" data-end=\"1350\">Doppeln\u00e4hte f\u00fcr langlebige Qualit\u00e4t<\/strong><\/li>\n<\/ul>\n<hr data-start=\"1354\" data-end=\"1357\" \/>\n<h2 data-section-id=\"18zf48a\" data-start=\"1359\" data-end=\"1382\">Material &amp; Details<\/h2>\n<ul data-start=\"1384\" data-end=\"1629\">\n<li data-section-id=\"bqx0z6\" data-start=\"1384\" data-end=\"1417\"><strong data-start=\"1386\" data-end=\"1399\">Material:<\/strong> 100 % Polyester<\/li>\n<li data-section-id=\"vww3ic\" data-start=\"1418\" data-end=\"1468\"><strong data-start=\"1420\" data-end=\"1431\">Gewebe:<\/strong> Bird Eye \u2013 leicht und atmungsaktiv<\/li>\n<li data-section-id=\"asbpn7\" data-start=\"1469\" data-end=\"1494\"><strong data-start=\"1471\" data-end=\"1483\">Gewicht:<\/strong> 140 g\/m\u00b2<\/li>\n<li data-section-id=\"umiwdv\" data-start=\"1495\" data-end=\"1549\"><strong data-start=\"1497\" data-end=\"1510\">Passform:<\/strong> taillierter Schnitt mit Ringerr\u00fccken<\/li>\n<li data-section-id=\"8dyafi\" data-start=\"1550\" data-end=\"1629\"><strong data-start=\"1552\" data-end=\"1563\">Pflege:<\/strong> 40 \u00b0C waschbar, nicht trocknergeeignet, nicht chemisch reinigen<\/li>\n<\/ul>\n<hr data-start=\"1631\" data-end=\"1634\" \/>\n<h2 data-section-id=\"1synqje\" data-start=\"1636\" data-end=\"1658\">Verf\u00fcgbare Gr\u00f6\u00dfen<\/h2>\n<ul>\n<li>XS \u2013 S \u2013 M \u2013 L \u2013 XL<\/li>\n<\/ul>\n<hr data-start=\"1683\" data-end=\"1686\" \/>\n<h2 data-section-id=\"1kpbspd\" data-start=\"1688\" data-end=\"1710\">Verf\u00fcgbare Farben<\/h2>\n<ul data-start=\"1712\" data-end=\"1901\">\n<li data-section-id=\"t3dqof\" data-start=\"1722\" data-end=\"1731\">Black<\/li>\n<li data-section-id=\"88v3zm\" data-start=\"1888\" data-end=\"1901\">Aqua Blue<\/li>\n<\/ul>\n<hr data-start=\"1903\" data-end=\"1906\" \/>\n<h2 data-section-id=\"k3oa3k\" data-start=\"1908\" data-end=\"1933\">Perfekt geeignet f\u00fcr<\/h2>\n<ul data-start=\"1935\" data-end=\"2083\">\n<li data-section-id=\"fgzevo\" data-start=\"1935\" data-end=\"1977\">Reiterinnen beim Training oder Ausritt<\/li>\n<li data-section-id=\"1dr7qxy\" data-start=\"1978\" data-end=\"2016\">Stallarbeit &amp; Reitsportaktivit\u00e4ten<\/li>\n<li data-section-id=\"1617n1n\" data-start=\"2017\" data-end=\"2045\">Freizeit &amp; Outdoor-Sport<\/li>\n<li data-section-id=\"1v8znxi\" data-start=\"2046\" data-end=\"2083\">Geschenk f\u00fcr Pferdeliebhaberinnen<\/li>\n<\/ul>\n","protected":false},"excerpt":{"rendered":"<p>Leichtes Damen Sport Tanktop mit \u201eRide your Life\u201c-Stickerei auf der linken Brust. Schnelltrocknend, atmungsaktiv und perfekt f\u00fcr Reiterinnen, Stall &amp; Freizeit.<\/p>\n","protected":false},"featured_media":498,"comment_status":"open","ping_status":"closed","template":"","meta":{"_uag_custom_page_level_css":"","site-sidebar-layout":"default","site-content-layout":"","ast-site-content-layout":"default","site-content-style":"default","site-sidebar-style":"default","ast-global-header-display":"","ast-banner-title-visibility":"","ast-main-header-display":"","ast-hfb-above-header-display":"","ast-hfb-below-header-display":"","ast-hfb-mobile-header-display":"","site-post-title":"","ast-breadcrumbs-content":"","ast-featured-img":"","footer-sml-layout":"","ast-disable-related-posts":"","theme-transparent-header-meta":"default","adv-header-id-meta":"","stick-header-meta":"","header-above-stick-meta":"","header-main-stick-meta":"","header-below-stick-meta":"","astra-migrate-meta-layouts":"set","ast-page-background-enabled":"default","ast-page-background-meta":{"desktop":{"background-color":"var(--ast-global-color-5)","background-image":"","background-repeat":"repeat","background-position":"center center","background-size":"auto","background-attachment":"scroll","background-type":"","background-media":"","overlay-type":"","overlay-color":"","overlay-opacity":"","overlay-gradient":""},"tablet":{"background-color":"","background-image":"","background-repeat":"repeat","background-position":"center center","background-size":"auto","background-attachment":"scroll","background-type":"","background-media":"","overlay-type":"","overlay-color":"","overlay-opacity":"","overlay-gradient":""},"mobile":{"background-color":"","background-image":"","background-repeat":"repeat","background-position":"center center","background-size":"auto","background-attachment":"scroll","background-type":"","background-media":"","overlay-type":"","overlay-color":"","overlay-opacity":"","overlay-gradient":""}},"ast-content-background-meta":{"desktop":{"background-color":"var(--ast-global-color-4)","background-image":"","background-repeat":"repeat","background-position":"center center","background-size":"auto","background-attachment":"scroll","background-type":"","background-media":"","overlay-type":"","overlay-color":"","overlay-opacity":"","overlay-gradient":""},"tablet":{"background-color":"var(--ast-global-color-4)","background-image":"","background-repeat":"repeat","background-position":"center center","background-size":"auto","background-attachment":"scroll","background-type":"","background-media":"","overlay-type":"","overlay-color":"","overlay-opacity":"","overlay-gradient":""},"mobile":{"background-color":"var(--ast-global-color-4)","background-image":"","background-repeat":"repeat","background-position":"center center","background-size":"auto","background-attachment":"scroll","background-type":"","background-media":"","overlay-type":"","overlay-color":"","overlay-opacity":"","overlay-gradient":""}}},"product_brand":[],"product_cat":[19,17],"product_tag":[],"class_list":{"0":"post-74","1":"product","2":"type-product","3":"status-publish","4":"has-post-thumbnail","6":"product_cat-bekleidung","7":"product_cat-damen","8":"desktop-align-left","9":"tablet-align-left","10":"mobile-align-left","12":"first","13":"instock","14":"taxable","15":"shipping-taxable","16":"purchasable","17":"product-type-variable"},"uagb_featured_image_src":{"full":["https:\/\/www.druck-und-stick.at\/rideyourlife\/wp-content\/uploads\/sites\/2\/2026\/04\/PA442_4.jpg",420,540,false],"thumbnail":["https:\/\/www.druck-und-stick.at\/rideyourlife\/wp-content\/uploads\/sites\/2\/2026\/04\/PA442_4-150x150.jpg",150,150,true],"medium":["https:\/\/www.druck-und-stick.at\/rideyourlife\/wp-content\/uploads\/sites\/2\/2026\/04\/PA442_4-233x300.jpg",233,300,true],"medium_large":["https:\/\/www.druck-und-stick.at\/rideyourlife\/wp-content\/uploads\/sites\/2\/2026\/04\/PA442_4.jpg",420,540,false],"large":["https:\/\/www.druck-und-stick.at\/rideyourlife\/wp-content\/uploads\/sites\/2\/2026\/04\/PA442_4.jpg",420,540,false],"1536x1536":["https:\/\/www.druck-und-stick.at\/rideyourlife\/wp-content\/uploads\/sites\/2\/2026\/04\/PA442_4.jpg",420,540,false],"2048x2048":["https:\/\/www.druck-und-stick.at\/rideyourlife\/wp-content\/uploads\/sites\/2\/2026\/04\/PA442_4.jpg",420,540,false],"woocommerce_thumbnail":["https:\/\/www.druck-und-stick.at\/rideyourlife\/wp-content\/uploads\/sites\/2\/2026\/04\/PA442_4-300x400.jpg",300,400,true],"woocommerce_single":["https:\/\/www.druck-und-stick.at\/rideyourlife\/wp-content\/uploads\/sites\/2\/2026\/04\/PA442_4.jpg",420,540,false],"woocommerce_gallery_thumbnail":["https:\/\/www.druck-und-stick.at\/rideyourlife\/wp-content\/uploads\/sites\/2\/2026\/04\/PA442_4-100x100.jpg",100,100,true]},"uagb_author_info":{"display_name":"design M.W GmbH","author_link":"https:\/\/www.druck-und-stick.at\/rideyourlife\/author\/"},"uagb_comment_info":0,"uagb_excerpt":"Leichtes Damen Sport Tanktop mit \u201eRide your Life\u201c-Stickerei auf der linken Brust. Schnelltrocknend, atmungsaktiv und perfekt f\u00fcr Reiterinnen, Stall &amp; Freizeit.","_links":{"self":[{"href":"https:\/\/www.druck-und-stick.at\/rideyourlife\/wp-json\/wp\/v2\/product\/74","targetHints":{"allow":["GET"]}}],"collection":[{"href":"https:\/\/www.druck-und-stick.at\/rideyourlife\/wp-json\/wp\/v2\/product"}],"about":[{"href":"https:\/\/www.druck-und-stick.at\/rideyourlife\/wp-json\/wp\/v2\/types\/product"}],"replies":[{"embeddable":true,"href":"https:\/\/www.druck-und-stick.at\/rideyourlife\/wp-json\/wp\/v2\/comments?post=74"}],"wp:featuredmedia":[{"embeddable":true,"href":"https:\/\/www.druck-und-stick.at\/rideyourlife\/wp-json\/wp\/v2\/media\/498"}],"wp:attachment":[{"href":"https:\/\/www.druck-und-stick.at\/rideyourlife\/wp-json\/wp\/v2\/media?parent=74"}],"wp:term":[{"taxonomy":"product_brand","embeddable":true,"href":"https:\/\/www.druck-und-stick.at\/rideyourlife\/wp-json\/wp\/v2\/product_brand?post=74"},{"taxonomy":"product_cat","embeddable":true,"href":"https:\/\/www.druck-und-stick.at\/rideyourlife\/wp-json\/wp\/v2\/product_cat?post=74"},{"taxonomy":"product_tag","embeddable":true,"href":"https:\/\/www.druck-und-stick.at\/rideyourlife\/wp-json\/wp\/v2\/product_tag?post=74"}],"curies":[{"name":"wp","href":"https:\/\/api.w.org\/{rel}","templated":true}]}}