{"id":88,"date":"2026-03-18T10:29:39","date_gmt":"2026-03-18T09:29:39","guid":{"rendered":"https:\/\/www.druck-und-stick.at\/rideyourlife\/?post_type=product&#038;p=88"},"modified":"2026-04-23T12:25:23","modified_gmt":"2026-04-23T10:25:23","slug":"damen-steppjacke-mit-wr-stickerei-leicht-nachhaltig-perfekt-fuer-reiterinnen","status":"publish","type":"product","link":"https:\/\/www.druck-und-stick.at\/rideyourlife\/produkt\/damen-steppjacke-mit-wr-stickerei-leicht-nachhaltig-perfekt-fuer-reiterinnen\/","title":{"rendered":"Damen Steppjacke"},"content":{"rendered":"<p>Diese <strong data-start=\"365\" data-end=\"452\">leichte Damen Kapuzen-Steppjacke mit hochwertiger WR-Stickerei auf der linken Brust<\/strong> ist der ideale Begleiter f\u00fcr alle, die ihre <strong data-start=\"497\" data-end=\"548\">Leidenschaft f\u00fcr Pferde stilvoll zeigen m\u00f6chten<\/strong>.<br \/>\nDer <strong data-start=\"557\" data-end=\"627\">waagerechte \u201eRide your Life\u201c-Schriftzug am R\u00fccken<\/strong> macht die Jacke zu einem echten Statement-Piece f\u00fcr Reiterinnen \u2013 modern, sportlich und einzigartig.<br \/>\nDank des <strong data-start=\"741\" data-end=\"772\">wasserabweisenden Materials<\/strong> und der <strong data-start=\"781\" data-end=\"818\">leichten, nachhaltigen Wattierung<\/strong> h\u00e4lt dich die Jacke angenehm warm, ohne zu beschweren \u2013 perfekt f\u00fcr <strong data-start=\"887\" data-end=\"920\">Stall, Ausritte oder Freizeit<\/strong>. Die <strong data-start=\"926\" data-end=\"936\">Kapuze<\/strong> sch\u00fctzt zus\u00e4tzlich bei wechselhaftem Wetter.<\/p>\n<h2 data-section-id=\"1wf6jk6\" data-start=\"990\" data-end=\"1005\">Highlights<\/h2>\n<ul>\n<li data-start=\"1007\" data-end=\"1476\"><strong data-start=\"1010\" data-end=\"1061\">WR-Stickerei auf der linken Brust\u00a0<\/strong><\/li>\n<li data-start=\"1007\" data-end=\"1476\"><strong data-start=\"1066\" data-end=\"1139\">\u201eRide your Life\u201c-Schriftzug am R\u00fccken\u00a0<\/strong><\/li>\n<li data-start=\"1007\" data-end=\"1476\"><strong data-start=\"1145\" data-end=\"1196\">Nachhaltig \u2013 aus recyceltem Polyester gefertigt<\/strong><\/li>\n<li data-start=\"1007\" data-end=\"1476\"><strong data-start=\"1202\" data-end=\"1250\">Leicht, wasserabweisend &amp; angenehm zu tragen<\/strong><\/li>\n<li data-start=\"1007\" data-end=\"1476\"><strong data-start=\"1256\" data-end=\"1296\">Kapuze f\u00fcr zus\u00e4tzlichen Wetterschutz<\/strong><\/li>\n<li data-start=\"1007\" data-end=\"1476\"><strong data-start=\"1302\" data-end=\"1356\">2 Seitentaschen + 1 Innentasche mit Rei\u00dfverschluss<\/strong><\/li>\n<li data-start=\"1007\" data-end=\"1476\"><strong data-start=\"1421\" data-end=\"1474\">Moderne, leichte Wattierung f\u00fcr optimalen Komfort<\/strong><\/li>\n<\/ul>\n<hr data-start=\"1478\" data-end=\"1481\" \/>\n<h2 data-section-id=\"18zf48a\" data-start=\"1483\" data-end=\"1506\">Material &amp; Details<\/h2>\n<ul data-start=\"1508\" data-end=\"1824\">\n<li data-section-id=\"r6hjse\" data-start=\"1508\" data-end=\"1560\"><strong data-start=\"1510\" data-end=\"1524\">Oberstoff:<\/strong> 100 % recyceltes Polyester (360T)<\/li>\n<li data-section-id=\"u7sw82\" data-start=\"1561\" data-end=\"1609\"><strong data-start=\"1563\" data-end=\"1574\">Futter:<\/strong> 100 % recyceltes Polyamid (380T)<\/li>\n<li data-section-id=\"1dzzr9z\" data-start=\"1610\" data-end=\"1650\"><strong data-start=\"1612\" data-end=\"1627\">Wattierung:<\/strong> DuPont\u2122 Sorona\u00ae Aura<\/li>\n<li data-section-id=\"aexzub\" data-start=\"1651\" data-end=\"1709\"><strong data-start=\"1653\" data-end=\"1671\">Eigenschaften:<\/strong> wasserabweisend, leicht, nachhaltig<\/li>\n<li data-section-id=\"1taucei\" data-start=\"1710\" data-end=\"1749\"><strong data-start=\"1712\" data-end=\"1723\">Gewebe:<\/strong> mattes Ripstop-Material<\/li>\n<li data-section-id=\"w4zfrp\" data-start=\"1750\" data-end=\"1824\"><strong data-start=\"1752\" data-end=\"1763\">Extras:<\/strong> Kapuze, SBS-Rei\u00dfverschl\u00fcsse, elastischer Kordelzug am Saum<\/li>\n<\/ul>\n<hr data-start=\"1905\" data-end=\"1908\" \/>\n<h2 data-section-id=\"1synqje\" data-start=\"1910\" data-end=\"1932\">Verf\u00fcgbare Gr\u00f6\u00dfen<\/h2>\n<ul>\n<li>S \u2013 M \u2013 L \u2013 XL \u2013 XXL \u2013 3XL<\/li>\n<\/ul>\n<hr data-start=\"2002\" data-end=\"2005\" \/>\n<h2 data-section-id=\"1kpbspd\" data-start=\"2007\" data-end=\"2029\">Verf\u00fcgbare Farben<\/h2>\n<ul data-start=\"2031\" data-end=\"2040\">\n<li data-section-id=\"t3dqof\" data-start=\"2031\" data-end=\"2040\">Black<\/li>\n<\/ul>\n<hr data-start=\"2042\" data-end=\"2045\" \/>\n<h2 data-section-id=\"k3oa3k\" data-start=\"2047\" data-end=\"2072\">Perfekt geeignet f\u00fcr<\/h2>\n<ul data-start=\"2074\" data-end=\"2237\">\n<li data-section-id=\"5yu2u6\" data-start=\"2074\" data-end=\"2103\">Reiterinnen &amp; Stallarbeit<\/li>\n<li data-section-id=\"1ftb3nu\" data-start=\"2104\" data-end=\"2141\">Ausritte bei wechselhaftem Wetter<\/li>\n<li data-section-id=\"12uff2d\" data-start=\"2142\" data-end=\"2176\">Turniere &amp; Reitveranstaltungen<\/li>\n<li data-section-id=\"nw508c\" data-start=\"2177\" data-end=\"2199\">Freizeit &amp; Outdoor<\/li>\n<li data-section-id=\"1v8znxi\" data-start=\"2200\" data-end=\"2237\">Geschenk f\u00fcr Pferdeliebhaberinnen<\/li>\n<\/ul>\n","protected":false},"excerpt":{"rendered":"<p>Leichte, nachhaltige Damen Steppjacke mit <strong data-start=\"3259\" data-end=\"3289\">WR-Stickerei auf der Brust<\/strong> und \u201eRide your Life\u201c-Schriftzug am R\u00fccken. <strong data-start=\"3333\" data-end=\"3386\">Wasserabweisend, warm und perfekt f\u00fcr Reiterinnen<\/strong> \u2013 ideal f\u00fcr Stall, Ausritte und Freizeit.<\/p>\n","protected":false},"featured_media":500,"comment_status":"open","ping_status":"closed","template":"","meta":{"_uag_custom_page_level_css":"","site-sidebar-layout":"default","site-content-layout":"","ast-site-content-layout":"default","site-content-style":"default","site-sidebar-style":"default","ast-global-header-display":"","ast-banner-title-visibility":"","ast-main-header-display":"","ast-hfb-above-header-display":"","ast-hfb-below-header-display":"","ast-hfb-mobile-header-display":"","site-post-title":"","ast-breadcrumbs-content":"","ast-featured-img":"","footer-sml-layout":"","ast-disable-related-posts":"","theme-transparent-header-meta":"default","adv-header-id-meta":"","stick-header-meta":"","header-above-stick-meta":"","header-main-stick-meta":"","header-below-stick-meta":"","astra-migrate-meta-layouts":"set","ast-page-background-enabled":"default","ast-page-background-meta":{"desktop":{"background-color":"var(--ast-global-color-5)","background-image":"","background-repeat":"repeat","background-position":"center center","background-size":"auto","background-attachment":"scroll","background-type":"","background-media":"","overlay-type":"","overlay-color":"","overlay-opacity":"","overlay-gradient":""},"tablet":{"background-color":"","background-image":"","background-repeat":"repeat","background-position":"center center","background-size":"auto","background-attachment":"scroll","background-type":"","background-media":"","overlay-type":"","overlay-color":"","overlay-opacity":"","overlay-gradient":""},"mobile":{"background-color":"","background-image":"","background-repeat":"repeat","background-position":"center center","background-size":"auto","background-attachment":"scroll","background-type":"","background-media":"","overlay-type":"","overlay-color":"","overlay-opacity":"","overlay-gradient":""}},"ast-content-background-meta":{"desktop":{"background-color":"var(--ast-global-color-4)","background-image":"","background-repeat":"repeat","background-position":"center center","background-size":"auto","background-attachment":"scroll","background-type":"","background-media":"","overlay-type":"","overlay-color":"","overlay-opacity":"","overlay-gradient":""},"tablet":{"background-color":"var(--ast-global-color-4)","background-image":"","background-repeat":"repeat","background-position":"center center","background-size":"auto","background-attachment":"scroll","background-type":"","background-media":"","overlay-type":"","overlay-color":"","overlay-opacity":"","overlay-gradient":""},"mobile":{"background-color":"var(--ast-global-color-4)","background-image":"","background-repeat":"repeat","background-position":"center center","background-size":"auto","background-attachment":"scroll","background-type":"","background-media":"","overlay-type":"","overlay-color":"","overlay-opacity":"","overlay-gradient":""}}},"product_brand":[],"product_cat":[19,17],"product_tag":[],"class_list":{"0":"post-88","1":"product","2":"type-product","3":"status-publish","4":"has-post-thumbnail","6":"product_cat-bekleidung","7":"product_cat-damen","8":"desktop-align-left","9":"tablet-align-left","10":"mobile-align-left","12":"first","13":"instock","14":"taxable","15":"shipping-taxable","16":"purchasable","17":"product-type-variable"},"uagb_featured_image_src":{"full":["https:\/\/www.druck-und-stick.at\/rideyourlife\/wp-content\/uploads\/sites\/2\/2026\/03\/tj9647_1_richtig-1.jpg",420,540,false],"thumbnail":["https:\/\/www.druck-und-stick.at\/rideyourlife\/wp-content\/uploads\/sites\/2\/2026\/03\/tj9647_1_richtig-1-150x150.jpg",150,150,true],"medium":["https:\/\/www.druck-und-stick.at\/rideyourlife\/wp-content\/uploads\/sites\/2\/2026\/03\/tj9647_1_richtig-1-233x300.jpg",233,300,true],"medium_large":["https:\/\/www.druck-und-stick.at\/rideyourlife\/wp-content\/uploads\/sites\/2\/2026\/03\/tj9647_1_richtig-1.jpg",420,540,false],"large":["https:\/\/www.druck-und-stick.at\/rideyourlife\/wp-content\/uploads\/sites\/2\/2026\/03\/tj9647_1_richtig-1.jpg",420,540,false],"1536x1536":["https:\/\/www.druck-und-stick.at\/rideyourlife\/wp-content\/uploads\/sites\/2\/2026\/03\/tj9647_1_richtig-1.jpg",420,540,false],"2048x2048":["https:\/\/www.druck-und-stick.at\/rideyourlife\/wp-content\/uploads\/sites\/2\/2026\/03\/tj9647_1_richtig-1.jpg",420,540,false],"woocommerce_thumbnail":["https:\/\/www.druck-und-stick.at\/rideyourlife\/wp-content\/uploads\/sites\/2\/2026\/03\/tj9647_1_richtig-1-300x400.jpg",300,400,true],"woocommerce_single":["https:\/\/www.druck-und-stick.at\/rideyourlife\/wp-content\/uploads\/sites\/2\/2026\/03\/tj9647_1_richtig-1.jpg",420,540,false],"woocommerce_gallery_thumbnail":["https:\/\/www.druck-und-stick.at\/rideyourlife\/wp-content\/uploads\/sites\/2\/2026\/03\/tj9647_1_richtig-1-100x100.jpg",100,100,true]},"uagb_author_info":{"display_name":"design M.W GmbH","author_link":"https:\/\/www.druck-und-stick.at\/rideyourlife\/author\/"},"uagb_comment_info":0,"uagb_excerpt":"Leichte, nachhaltige Damen Steppjacke mit WR-Stickerei auf der Brust und \u201eRide your Life\u201c-Schriftzug am R\u00fccken. Wasserabweisend, warm und perfekt f\u00fcr Reiterinnen \u2013 ideal f\u00fcr Stall, Ausritte und Freizeit.","_links":{"self":[{"href":"https:\/\/www.druck-und-stick.at\/rideyourlife\/wp-json\/wp\/v2\/product\/88","targetHints":{"allow":["GET"]}}],"collection":[{"href":"https:\/\/www.druck-und-stick.at\/rideyourlife\/wp-json\/wp\/v2\/product"}],"about":[{"href":"https:\/\/www.druck-und-stick.at\/rideyourlife\/wp-json\/wp\/v2\/types\/product"}],"replies":[{"embeddable":true,"href":"https:\/\/www.druck-und-stick.at\/rideyourlife\/wp-json\/wp\/v2\/comments?post=88"}],"wp:featuredmedia":[{"embeddable":true,"href":"https:\/\/www.druck-und-stick.at\/rideyourlife\/wp-json\/wp\/v2\/media\/500"}],"wp:attachment":[{"href":"https:\/\/www.druck-und-stick.at\/rideyourlife\/wp-json\/wp\/v2\/media?parent=88"}],"wp:term":[{"taxonomy":"product_brand","embeddable":true,"href":"https:\/\/www.druck-und-stick.at\/rideyourlife\/wp-json\/wp\/v2\/product_brand?post=88"},{"taxonomy":"product_cat","embeddable":true,"href":"https:\/\/www.druck-und-stick.at\/rideyourlife\/wp-json\/wp\/v2\/product_cat?post=88"},{"taxonomy":"product_tag","embeddable":true,"href":"https:\/\/www.druck-und-stick.at\/rideyourlife\/wp-json\/wp\/v2\/product_tag?post=88"}],"curies":[{"name":"wp","href":"https:\/\/api.w.org\/{rel}","templated":true}]}}