{"id":93,"date":"2026-03-18T10:51:52","date_gmt":"2026-03-18T09:51:52","guid":{"rendered":"https:\/\/www.druck-und-stick.at\/rideyourlife\/?post_type=product&#038;p=93"},"modified":"2026-04-23T12:04:03","modified_gmt":"2026-04-23T10:04:03","slug":"herren-daunenjacke-mit-wr-stickerei-funktional-warm-perfekt-fuer-reiter","status":"publish","type":"product","link":"https:\/\/www.druck-und-stick.at\/rideyourlife\/produkt\/herren-daunenjacke-mit-wr-stickerei-funktional-warm-perfekt-fuer-reiter\/","title":{"rendered":"Herren Daunen Bodywarmer"},"content":{"rendered":"<p>Dieser <strong data-start=\"333\" data-end=\"412\">Herren Daunen Bodywarmer mit hochwertiger WR-Stickerei auf der linken Brust<\/strong> ist die perfekte Erg\u00e4nzung f\u00fcr jede Reit- und Outdoor-Ausr\u00fcstung.<br \/>\nDer <strong data-start=\"486\" data-end=\"542\">\u201eRide your Life\u201c-Schriftzug am R\u00fccken\u00a0<\/strong> setzt ein klares Statement f\u00fcr alle, die ihre Leidenschaft f\u00fcr Pferde auch im Alltag zeigen m\u00f6chten.<br \/>\nDank der <strong data-start=\"656\" data-end=\"709\">leichten Daunenf\u00fcllung (90 % Daunen, 10 % Federn)<\/strong> bietet der Bodywarmer angenehme W\u00e4rme bei gleichzeitig maximaler Bewegungsfreiheit \u2013 ideal f\u00fcr <strong data-start=\"805\" data-end=\"844\">Stallarbeit, Ausritte oder Freizeit<\/strong>. Das <strong data-start=\"850\" data-end=\"889\">wind- und wasserabweisende Material<\/strong> sch\u00fctzt zuverl\u00e4ssig bei wechselnden Wetterbedingungen.<\/p>\n<hr data-start=\"948\" data-end=\"951\" \/>\n<h2 data-section-id=\"1wf6jk6\" data-start=\"953\" data-end=\"968\">Highlights<\/h2>\n<ul>\n<li data-start=\"970\" data-end=\"1374\"><strong data-start=\"973\" data-end=\"1024\">WR-Stickerei auf der linken Brust\u00a0<\/strong><\/li>\n<li data-start=\"970\" data-end=\"1374\"><strong data-start=\"1029\" data-end=\"1070\">\u201eRide your Life\u201c-Schriftzug am R\u00fccken<\/strong><\/li>\n<li data-start=\"970\" data-end=\"1374\"><strong data-start=\"1076\" data-end=\"1128\">Leichte Daunenf\u00fcllung f\u00fcr optimalen W\u00e4rmekomfort<\/strong><\/li>\n<li data-start=\"970\" data-end=\"1374\"><strong data-start=\"1134\" data-end=\"1174\">Wind- und wasserabweisendes Material<\/strong><\/li>\n<li data-start=\"970\" data-end=\"1374\"><strong data-start=\"1180\" data-end=\"1232\">\u00c4rmelloses Design f\u00fcr maximale Bewegungsfreiheit<\/strong><\/li>\n<li data-start=\"970\" data-end=\"1374\"><strong data-start=\"1238\" data-end=\"1276\">2 Seitentaschen mit Rei\u00dfverschluss<\/strong><\/li>\n<li data-start=\"970\" data-end=\"1374\"><strong data-start=\"1282\" data-end=\"1332\">Kontrastfarben bei Innenfutter und Abschl\u00fcssen<\/strong><\/li>\n<li data-start=\"970\" data-end=\"1374\"><strong data-start=\"1338\" data-end=\"1372\">Pflegeleicht &amp; alltagstauglich<\/strong><\/li>\n<\/ul>\n<hr data-start=\"1376\" data-end=\"1379\" \/>\n<h2 data-section-id=\"18zf48a\" data-start=\"1381\" data-end=\"1404\">Material &amp; Details<\/h2>\n<ul data-start=\"1406\" data-end=\"1795\">\n<li data-section-id=\"dxjn33\" data-start=\"1406\" data-end=\"1439\"><strong data-start=\"1408\" data-end=\"1422\">Oberstoff:<\/strong> 100 % Polyamid<\/li>\n<li data-section-id=\"dxjn33\" data-start=\"1406\" data-end=\"1439\"><strong data-start=\"1442\" data-end=\"1453\">Futter:<\/strong> 100 % Polyamid<\/li>\n<li data-section-id=\"dxjn33\" data-start=\"1406\" data-end=\"1439\"><strong data-start=\"1473\" data-end=\"1488\">Wattierung:<\/strong> 90 % Daunen, 10 % Federn<\/li>\n<li data-section-id=\"naudq0\" data-start=\"1516\" data-end=\"1577\"><strong data-start=\"1518\" data-end=\"1536\">Eigenschaften:<\/strong> leicht, windabweisend, wasserabweisend<\/li>\n<li data-section-id=\"naudq0\" data-start=\"1516\" data-end=\"1577\"><strong data-start=\"1580\" data-end=\"1592\">Taschen:<\/strong> 2 Seitentaschen mit Rei\u00dfverschluss<\/li>\n<li data-section-id=\"naudq0\" data-start=\"1516\" data-end=\"1577\"><strong data-start=\"1632\" data-end=\"1643\">Design:<\/strong> Kontrastfarben am Innenfutter sowie an Armausschnitt und Saum<\/li>\n<li data-section-id=\"e9fk4i\" data-start=\"1708\" data-end=\"1795\"><strong data-start=\"1710\" data-end=\"1721\">Pflege:<\/strong> 30 \u00b0C waschbar, trocknergeeignet bei niedriger Temperatur, nicht b\u00fcgeln<\/li>\n<\/ul>\n<hr data-start=\"1797\" data-end=\"1800\" \/>\n<h2 data-section-id=\"1synqje\" data-start=\"1802\" data-end=\"1824\">Verf\u00fcgbare Gr\u00f6\u00dfen<\/h2>\n<ul>\n<li>S \u2013 M \u2013 L \u2013 XL \u2013 XXL \u2013 3XL<\/li>\n<\/ul>\n<hr data-start=\"1856\" data-end=\"1859\" \/>\n<h2 data-section-id=\"1kpbspd\" data-start=\"1861\" data-end=\"1883\">Verf\u00fcgbare Farben<\/h2>\n<ul data-start=\"1885\" data-end=\"1951\">\n<li data-section-id=\"vsrfbr\" data-start=\"1885\" data-end=\"1903\">Black \/ Silver<\/li>\n<\/ul>\n<hr data-start=\"1953\" data-end=\"1956\" \/>\n<h2 data-section-id=\"k3oa3k\" data-start=\"1958\" data-end=\"1983\">Perfekt geeignet f\u00fcr<\/h2>\n<ul data-start=\"1985\" data-end=\"2108\">\n<li data-section-id=\"v69g3g\" data-start=\"1985\" data-end=\"2009\">Reiter &amp; Stallarbeit<\/li>\n<li data-section-id=\"1ge78c7\" data-start=\"2010\" data-end=\"2033\">Ausritte &amp; Training<\/li>\n<li data-section-id=\"1yzcbtw\" data-start=\"2034\" data-end=\"2052\">Turnierbesuche<\/li>\n<li data-section-id=\"nw508c\" data-start=\"2053\" data-end=\"2075\">Freizeit &amp; Outdoor<\/li>\n<li data-section-id=\"1f4jnms\" data-start=\"2076\" data-end=\"2108\">Geschenk f\u00fcr Pferdeliebhaber<\/li>\n<\/ul>\n","protected":false},"excerpt":{"rendered":"<p>Leichter Herren Daunen Bodywarmer mit <strong data-start=\"3100\" data-end=\"3130\">WR-Stickerei auf der Brust<\/strong> und \u201eRide your Life\u201c-Schriftzug am R\u00fccken. <strong data-start=\"3174\" data-end=\"3220\">Warm, windabweisend und perfekt f\u00fcr Reiter<\/strong> \u2013 ideal f\u00fcr Stall, Training und Freizeit.<\/p>\n","protected":false},"featured_media":95,"comment_status":"open","ping_status":"closed","template":"","meta":{"_uag_custom_page_level_css":"","site-sidebar-layout":"default","site-content-layout":"","ast-site-content-layout":"default","site-content-style":"default","site-sidebar-style":"default","ast-global-header-display":"","ast-banner-title-visibility":"","ast-main-header-display":"","ast-hfb-above-header-display":"","ast-hfb-below-header-display":"","ast-hfb-mobile-header-display":"","site-post-title":"","ast-breadcrumbs-content":"","ast-featured-img":"","footer-sml-layout":"","ast-disable-related-posts":"","theme-transparent-header-meta":"default","adv-header-id-meta":"","stick-header-meta":"","header-above-stick-meta":"","header-main-stick-meta":"","header-below-stick-meta":"","astra-migrate-meta-layouts":"set","ast-page-background-enabled":"default","ast-page-background-meta":{"desktop":{"background-color":"var(--ast-global-color-5)","background-image":"","background-repeat":"repeat","background-position":"center center","background-size":"auto","background-attachment":"scroll","background-type":"","background-media":"","overlay-type":"","overlay-color":"","overlay-opacity":"","overlay-gradient":""},"tablet":{"background-color":"","background-image":"","background-repeat":"repeat","background-position":"center center","background-size":"auto","background-attachment":"scroll","background-type":"","background-media":"","overlay-type":"","overlay-color":"","overlay-opacity":"","overlay-gradient":""},"mobile":{"background-color":"","background-image":"","background-repeat":"repeat","background-position":"center center","background-size":"auto","background-attachment":"scroll","background-type":"","background-media":"","overlay-type":"","overlay-color":"","overlay-opacity":"","overlay-gradient":""}},"ast-content-background-meta":{"desktop":{"background-color":"var(--ast-global-color-4)","background-image":"","background-repeat":"repeat","background-position":"center center","background-size":"auto","background-attachment":"scroll","background-type":"","background-media":"","overlay-type":"","overlay-color":"","overlay-opacity":"","overlay-gradient":""},"tablet":{"background-color":"var(--ast-global-color-4)","background-image":"","background-repeat":"repeat","background-position":"center center","background-size":"auto","background-attachment":"scroll","background-type":"","background-media":"","overlay-type":"","overlay-color":"","overlay-opacity":"","overlay-gradient":""},"mobile":{"background-color":"var(--ast-global-color-4)","background-image":"","background-repeat":"repeat","background-position":"center center","background-size":"auto","background-attachment":"scroll","background-type":"","background-media":"","overlay-type":"","overlay-color":"","overlay-opacity":"","overlay-gradient":""}}},"product_brand":[],"product_cat":[19,18],"product_tag":[],"class_list":{"0":"post-93","1":"product","2":"type-product","3":"status-publish","4":"has-post-thumbnail","6":"product_cat-bekleidung","7":"product_cat-herren","8":"desktop-align-left","9":"tablet-align-left","10":"mobile-align-left","12":"first","13":"instock","14":"taxable","15":"shipping-taxable","16":"purchasable","17":"product-type-variable"},"uagb_featured_image_src":{"full":["https:\/\/www.druck-und-stick.at\/rideyourlife\/wp-content\/uploads\/sites\/2\/2026\/03\/jn1138_2.jpg",420,540,false],"thumbnail":["https:\/\/www.druck-und-stick.at\/rideyourlife\/wp-content\/uploads\/sites\/2\/2026\/03\/jn1138_2-150x150.jpg",150,150,true],"medium":["https:\/\/www.druck-und-stick.at\/rideyourlife\/wp-content\/uploads\/sites\/2\/2026\/03\/jn1138_2-233x300.jpg",233,300,true],"medium_large":["https:\/\/www.druck-und-stick.at\/rideyourlife\/wp-content\/uploads\/sites\/2\/2026\/03\/jn1138_2.jpg",420,540,false],"large":["https:\/\/www.druck-und-stick.at\/rideyourlife\/wp-content\/uploads\/sites\/2\/2026\/03\/jn1138_2.jpg",420,540,false],"1536x1536":["https:\/\/www.druck-und-stick.at\/rideyourlife\/wp-content\/uploads\/sites\/2\/2026\/03\/jn1138_2.jpg",420,540,false],"2048x2048":["https:\/\/www.druck-und-stick.at\/rideyourlife\/wp-content\/uploads\/sites\/2\/2026\/03\/jn1138_2.jpg",420,540,false],"woocommerce_thumbnail":["https:\/\/www.druck-und-stick.at\/rideyourlife\/wp-content\/uploads\/sites\/2\/2026\/03\/jn1138_2-300x400.jpg",300,400,true],"woocommerce_single":["https:\/\/www.druck-und-stick.at\/rideyourlife\/wp-content\/uploads\/sites\/2\/2026\/03\/jn1138_2.jpg",420,540,false],"woocommerce_gallery_thumbnail":["https:\/\/www.druck-und-stick.at\/rideyourlife\/wp-content\/uploads\/sites\/2\/2026\/03\/jn1138_2-100x100.jpg",100,100,true]},"uagb_author_info":{"display_name":"design M.W GmbH","author_link":"https:\/\/www.druck-und-stick.at\/rideyourlife\/author\/"},"uagb_comment_info":0,"uagb_excerpt":"Leichter Herren Daunen Bodywarmer mit WR-Stickerei auf der Brust und \u201eRide your Life\u201c-Schriftzug am R\u00fccken. Warm, windabweisend und perfekt f\u00fcr Reiter \u2013 ideal f\u00fcr Stall, Training und Freizeit.","_links":{"self":[{"href":"https:\/\/www.druck-und-stick.at\/rideyourlife\/wp-json\/wp\/v2\/product\/93","targetHints":{"allow":["GET"]}}],"collection":[{"href":"https:\/\/www.druck-und-stick.at\/rideyourlife\/wp-json\/wp\/v2\/product"}],"about":[{"href":"https:\/\/www.druck-und-stick.at\/rideyourlife\/wp-json\/wp\/v2\/types\/product"}],"replies":[{"embeddable":true,"href":"https:\/\/www.druck-und-stick.at\/rideyourlife\/wp-json\/wp\/v2\/comments?post=93"}],"wp:featuredmedia":[{"embeddable":true,"href":"https:\/\/www.druck-und-stick.at\/rideyourlife\/wp-json\/wp\/v2\/media\/95"}],"wp:attachment":[{"href":"https:\/\/www.druck-und-stick.at\/rideyourlife\/wp-json\/wp\/v2\/media?parent=93"}],"wp:term":[{"taxonomy":"product_brand","embeddable":true,"href":"https:\/\/www.druck-und-stick.at\/rideyourlife\/wp-json\/wp\/v2\/product_brand?post=93"},{"taxonomy":"product_cat","embeddable":true,"href":"https:\/\/www.druck-und-stick.at\/rideyourlife\/wp-json\/wp\/v2\/product_cat?post=93"},{"taxonomy":"product_tag","embeddable":true,"href":"https:\/\/www.druck-und-stick.at\/rideyourlife\/wp-json\/wp\/v2\/product_tag?post=93"}],"curies":[{"name":"wp","href":"https:\/\/api.w.org\/{rel}","templated":true}]}}